{"id":4074,"date":"2023-06-07T14:57:35","date_gmt":"2023-06-07T13:57:35","guid":{"rendered":"https:\/\/www.airtrayshower.com\/cookies-policy\/"},"modified":"2023-06-07T15:00:51","modified_gmt":"2023-06-07T14:00:51","slug":"politica-de-cookies","status":"publish","type":"page","link":"https:\/\/www.airtrayshower.com\/es\/politica-de-cookies\/","title":{"rendered":"Pol\u00edtica de cookies"},"content":{"rendered":"<p><strong>Responsable del tratamiento:<\/strong> Mundo Gaman SL<\/p>\n<p>Aqu\u00ed encontrar\u00e1s toda la informaci\u00f3n sobre estas famosas \u201cgalletas\u201d y c\u00f3mo gestionarlas.<\/p>\n<p>En este apartado, queremos facilitar a nuestros usuarios\/as informaci\u00f3n completa sobre los usos de las cookies y habilitar mecanismos para que todo usuario\/a pueda manifestar su negativa sobre su utilizaci\u00f3n, en tal caso, las cookies no ser\u00e1n descargadas en sus dispositivos.<\/p>\n<p>Esta pol\u00edtica y la forma en que gestionamos las cookies, cumplen con obligaciones previstas en el apartado segundo del art\u00edculo 22 de la Ley 34\/2002, de 11 de julio, de servicios de la sociedad de la informaci\u00f3n y de comercio electr\u00f3nico (LSSI), el Reglamento (UE) 2016\/679 del Parlamento Europeo y del Consejo, de 27 de abril de 2016, General de Protecci\u00f3n de Datos (RGPD) y la Ley Org\u00e1nica 3\/2018, de 5 de diciembre, de Protecci\u00f3n de Datos y garant\u00eda de los derechos digitales (LOPDGDD).<\/p>\n<p><strong>Recuerda:<br \/>\n<\/strong>Puedes permitir o bloquear las cookies, as\u00ed como borrar tus datos de navegaci\u00f3n (incluidas las cookies) desde el navegador que utilizas. Consulta las opciones e instrucciones que ofrece tu navegador para ello. Ten en cuenta que, si aceptas las cookies de terceros\/as, deber\u00e1s eliminarlas desde las opciones del navegador.<\/p>\n<p><strong>Aceptaci\u00f3n de cookies<\/strong><\/p>\n<p>Al acceder a este sitio web o aplicaci\u00f3n por primera vez, aparecer\u00e1 una advertencia donde se le informa de la utilizaci\u00f3n de las cookies y donde se puede consultar esta pol\u00edtica de cookies.<\/p>\n<p>No se descargar\u00e1 ninguna cookie hasta que el usuario\/a no consienta expresamente la instalaci\u00f3n de las cookies. Si el usuario\/a consiente la utilizaci\u00f3n de cookies, se realizar\u00e1 la instalaci\u00f3n de las mismas en su equipo o dispositivo.<\/p>\n<p>Adem\u00e1s del uso de nuestras cookies propias, permitimos a terceros\/as establecer cookies y acceder a ellas en su dispositivo.<\/p>\n<p><strong>\u00bfQu\u00e9 informaci\u00f3n almacena una cookie?<\/strong><\/p>\n<p>Las cookies no suelen almacenar informaci\u00f3n sensible, como tarjetas de cr\u00e9dito o datos bancarios, fotograf\u00edas o informaci\u00f3n personal, etc. Los datos que guardan son de car\u00e1cter t\u00e9cnico, estad\u00edstico, preferencias personales, personalizaci\u00f3n de contenidos, etc.<\/p>\n<p>El servidor web no asocia al usuario\/a como persona sino a su navegador web. De hecho, si el usuario\/a navega habitualmente con el navegador Chrome y prueba a navegar por la misma web con el navegador Firefox, ver\u00e1 que la web no se da cuenta que eres la misma persona porque en realidad est\u00e1 asociando la informaci\u00f3n al navegador, no a la persona.<\/p>\n<p><strong>Cookies aceptadas por la normativa y cookies exceptuadas<\/strong><\/p>\n<p>Seg\u00fan la directiva de la UE, las cookies que requieren el consentimiento informado por parte del usuario\/a son las cookies de anal\u00edtica y las de publicidad, quedando exceptuadas las de car\u00e1cter t\u00e9cnico y las necesarias para el funcionamiento del sitio web o la prestaci\u00f3n de servicios expresamente solicitados por el usuario\/a.<\/p>\n<p><strong>\u00bfQu\u00e9 cookies utiliza esta web?<\/strong><\/p>\n<p>Esta web utiliza cookies propias y de terceros\/as. En este sitio web se utilizan las siguientes cookies que se detallan a continuaci\u00f3n.<\/p>\n<p><strong>Cookies propias y necesarias<\/strong><\/p>\n<p>Las cookies necesarias ayudan a hacer una p\u00e1gina web utilizable activando funciones b\u00e1sicas como la navegaci\u00f3n en la p\u00e1gina y el acceso a \u00e1reas seguras de la p\u00e1gina web. La p\u00e1gina web no puede funcionar adecuadamente sin estas cookies.<\/p>\n<p><strong>Cookies de terceros\/as<\/strong><\/p>\n<p>Son aquellas que se env\u00edan al equipo terminal del usuario\/a desde un equipo o dominio que no es gestionado por el editor\/a, sino por otra entidad que trata los datos obtenidos trav\u00e9s de las cookies.<\/p>\n<p>Esta web utiliza las siguientes cookies de terceros\/as:<\/p>\n<p><strong>Cookies anal\u00edticas:<\/strong><strong>\u00a0<\/strong><\/p>\n<p>Esta web utiliza servicios de an\u00e1lisis, concretamente, Google Analytics para ayudar al website a analizar el uso que hacen los usuarios\/as del sitio web y mejorar su usabilidad, pero en ning\u00fan caso se asocian a datos que pudieran llegar a identificar al usuario\/a. Google Analytics, es un servicio anal\u00edtico de web prestado por Google, Inc.<\/p>\n<p>Las cookies anal\u00edticas y de estad\u00edstica nos ayudan a comprender c\u00f3mo interact\u00faan los\/las visitantes con nuestra web reuniendo y proporcionando informaci\u00f3n de forma an\u00f3nima.\u00a0<a href=\"https:\/\/www.google.com\/intl\/es\/policies\/privacy\/\" target=\"_blank\" rel=\"noopener\">M\u00e1s informaci\u00f3n<\/a>.<\/p>\n<p>Si deseas informaci\u00f3n sobre el uso que Google da a las cookies adjuntamos este\u00a0<a href=\"https:\/\/developers.google.com\/analytics\/devguides\/collection\/analyticsjs\/cookie-usage?hl=es&amp;csw=1).\" target=\"_blank\" rel=\"noopener\">otro enlace.<\/a><\/p>\n<p><strong>Plazos de conservaci\u00f3n<\/strong>: Los diferentes servicios o cookies pueden tener plazos diferentes de conservaci\u00f3n de los datos (o caducidad de la propia cookie). Se encuentran definidos en el propio m\u00f3dulo de configuraci\u00f3n de cookies.<\/p>\n<p><strong>Comunicaci\u00f3n de sus datos<\/strong>: Los datos de los usuarios\/as podr\u00e1n ser tratados por el\/la responsable de esta web y por terceros\/as que instalan cookies (cookies de terceros\/as), de acuerdo con sus propias pol\u00edticas de privacidad.<\/p>\n<p><strong>Cookies de redes sociales<\/strong><\/p>\n<p>Las cookies de redes sociales pueden almacenarse en su navegador mientras navega por <em>Mundo Gaman<\/em>, por ejemplo, cuando utiliza el bot\u00f3n de compartir contenidos de\u00a0<em>Mundo Gaman<\/em> en alguna red social.<\/p>\n<p>A continuaci\u00f3n, tienes informaci\u00f3n sobre las cookies de las redes sociales que utiliza esta web en sus propias pol\u00edticas de cookies:<\/p>\n<ul>\n<li>Cookies de Facebook, ver m\u00e1s informaci\u00f3n en su\u00a0<a href=\"https:\/\/www.facebook.com\/policies\/cookies\/\">pol\u00edtica de cookies<\/a><\/li>\n<li>Cookies de Twitter, ver m\u00e1s informaci\u00f3n en su\u00a0<a href=\"https:\/\/twitter.com\/privacy\">pol\u00edtica de cookies<\/a><\/li>\n<li>Cookies de YouTube, ver m\u00e1s informaci\u00f3n en su\u00a0<a href=\"http:\/\/www.google.com\/intl\/es\/policies\/technologies\/types\/\">pol\u00edtica de cookies<\/a><\/li>\n<\/ul>\n<p><strong>C\u00f3mo controlar las cookies<\/strong><\/p>\n<p>La mayor\u00eda de los navegadores permite a los usuarios\/as controlar las cookies mediante las preferencias de configuraci\u00f3n, es posible que se resienta la experiencia general de uso, ya que no ser\u00e1 una experiencia personalizada. Tambi\u00e9n puede que no sea posible guardar valores de configuraci\u00f3n personalizados como la informaci\u00f3n de inicio de sesi\u00f3n.<\/p>\n<p>Proporcionamos los enlaces necesarios para configurar las opciones respecto a las cookies en cada navegador:<\/p>\n<ul>\n<li><a href=\"https:\/\/support.google.com\/chrome\/answer\/95647?hl=en\">Google Chrome<\/a><\/li>\n<li><a href=\"https:\/\/support.microsoft.com\/en-us\/kb\/260971\">Internet Explorer<\/a><\/li>\n<li><a href=\"https:\/\/support.mozilla.org\/en-US\/kb\/cookies-information-websites-store-on-your-computer\">Mozilla Firefox<\/a><\/li>\n<li><a href=\"https:\/\/support.apple.com\/kb\/PH5042?locale=en_US\">Safari (versi\u00f3n escritorio)<\/a><\/li>\n<li><a href=\"https:\/\/support.apple.com\/en-us\/HT201265\">Safari (versi\u00f3n m\u00f3vil)<\/a><\/li>\n<li><a href=\"http:\/\/support.google.com\/ics\/nexus\/bin\/answer.py?hl=en&amp;answer=2425067\">Navegador Android<\/a><\/li>\n<li><a href=\"http:\/\/www.opera.com\/help\">Opera<\/a><\/li>\n<li><a href=\"http:\/\/www.opera.com\/help\/mobile\/android#privacy\">Opera (versi\u00f3n m\u00f3vil)<\/a><\/li>\n<\/ul>\n<p><strong>M\u00e1s informaci\u00f3n sobre las cookies<\/strong><strong>\u00a0<\/strong><\/p>\n<p>Puedes consultar el reglamento sobre cookies publicado por la Agencia Espa\u00f1ola de Protecci\u00f3n de Datos en su \u201c<a href=\"https:\/\/www.aepd.es\/sites\/default\/files\/2019-12\/guia-cookies_1.pdf\">Gu\u00eda sobre el uso de las cookies\u201d<\/a>\u00a0y obtener m\u00e1s informaci\u00f3n sobre las cookies en Internet,\u00a0<a href=\"http:\/\/www.aboutcookies.org\/\">http:\/\/www.aboutcookies.org\/<\/a><u>.<\/u><\/p>\n<p>Si desea tener un mayor control sobre la instalaci\u00f3n de cookies, puede instalar programas o complementos a su navegador, conocidos como herramientas de \u201cDo Not Track\u201d, que le permitir\u00e1n escoger aquellas cookies que desea permitir.<\/p>\n","protected":false},"excerpt":{"rendered":"<p>Responsable del tratamiento: Mundo Gaman SL Aqu\u00ed encontrar\u00e1s toda la informaci\u00f3n sobre estas famosas \u201cgalletas\u201d y c\u00f3mo gestionarlas. En este apartado, queremos facilitar a nuestros usuarios\/as informaci\u00f3n completa sobre los usos de las cookies y habilitar mecanismos para que todo usuario\/a pueda manifestar su negativa sobre su utilizaci\u00f3n, en tal caso, las cookies no ser\u00e1n&hellip;<\/p>\n","protected":false},"author":1,"featured_media":0,"parent":0,"menu_order":0,"comment_status":"closed","ping_status":"closed","template":"","meta":{"_acf_changed":false,"footnotes":""},"class_list":["post-4074","page","type-page","status-publish","hentry","description-off"],"acf":[],"yoast_head":"<!-- This site is optimized with the Yoast SEO plugin v27.2 - https:\/\/yoast.com\/product\/yoast-seo-wordpress\/ -->\n<title>Pol\u00edtica de cookies - Airtray Shower<\/title>\n<meta name=\"robots\" content=\"noindex, nofollow\" \/>\n<meta property=\"og:locale\" content=\"es_ES\" \/>\n<meta property=\"og:type\" content=\"article\" \/>\n<meta property=\"og:title\" content=\"Pol\u00edtica de cookies - Airtray Shower\" \/>\n<meta property=\"og:description\" content=\"Responsable del tratamiento: Mundo Gaman SL Aqu\u00ed encontrar\u00e1s toda la informaci\u00f3n sobre estas famosas \u201cgalletas\u201d y c\u00f3mo gestionarlas. En este apartado, queremos facilitar a nuestros usuarios\/as informaci\u00f3n completa sobre los usos de las cookies y habilitar mecanismos para que todo usuario\/a pueda manifestar su negativa sobre su utilizaci\u00f3n, en tal caso, las cookies no ser\u00e1n&hellip;\" \/>\n<meta property=\"og:url\" content=\"https:\/\/www.airtrayshower.com\/es\/politica-de-cookies\/\" \/>\n<meta property=\"og:site_name\" content=\"Airtray Shower\" \/>\n<meta property=\"article:modified_time\" content=\"2023-06-07T14:00:51+00:00\" \/>\n<meta name=\"twitter:card\" content=\"summary_large_image\" \/>\n<meta name=\"twitter:label1\" content=\"Tiempo de lectura\" \/>\n\t<meta name=\"twitter:data1\" content=\"5 minutos\" \/>\n<script type=\"application\/ld+json\" class=\"yoast-schema-graph\">{\"@context\":\"https:\/\/schema.org\",\"@graph\":[{\"@type\":\"WebPage\",\"@id\":\"https:\/\/www.airtrayshower.com\/es\/politica-de-cookies\/\",\"url\":\"https:\/\/www.airtrayshower.com\/es\/politica-de-cookies\/\",\"name\":\"Pol\u00edtica de cookies - Airtray Shower\",\"isPartOf\":{\"@id\":\"https:\/\/www.airtrayshower.com\/#website\"},\"datePublished\":\"2023-06-07T13:57:35+00:00\",\"dateModified\":\"2023-06-07T14:00:51+00:00\",\"inLanguage\":\"es\",\"potentialAction\":[{\"@type\":\"ReadAction\",\"target\":[\"https:\/\/www.airtrayshower.com\/es\/politica-de-cookies\/\"]}]},{\"@type\":\"WebSite\",\"@id\":\"https:\/\/www.airtrayshower.com\/#website\",\"url\":\"https:\/\/www.airtrayshower.com\/\",\"name\":\"Airtray Shower\",\"description\":\"Air tray Shower is the future of installation for bathrooms\",\"publisher\":{\"@id\":\"https:\/\/www.airtrayshower.com\/#organization\"},\"potentialAction\":[{\"@type\":\"SearchAction\",\"target\":{\"@type\":\"EntryPoint\",\"urlTemplate\":\"https:\/\/www.airtrayshower.com\/?s={search_term_string}\"},\"query-input\":{\"@type\":\"PropertyValueSpecification\",\"valueRequired\":true,\"valueName\":\"search_term_string\"}}],\"inLanguage\":\"es\"},{\"@type\":\"Organization\",\"@id\":\"https:\/\/www.airtrayshower.com\/#organization\",\"name\":\"Airtray Shower\",\"url\":\"https:\/\/www.airtrayshower.com\/\",\"logo\":{\"@type\":\"ImageObject\",\"inLanguage\":\"es\",\"@id\":\"https:\/\/www.airtrayshower.com\/#\/schema\/logo\/image\/\",\"url\":\"https:\/\/www.airtrayshower.com\/wp-content\/uploads\/2023\/03\/logo-1.png\",\"contentUrl\":\"https:\/\/www.airtrayshower.com\/wp-content\/uploads\/2023\/03\/logo-1.png\",\"width\":186,\"height\":55,\"caption\":\"Airtray Shower\"},\"image\":{\"@id\":\"https:\/\/www.airtrayshower.com\/#\/schema\/logo\/image\/\"}}]}<\/script>\n<!-- \/ Yoast SEO plugin. -->","yoast_head_json":{"title":"Pol\u00edtica de cookies - Airtray Shower","robots":{"index":"noindex","follow":"nofollow"},"og_locale":"es_ES","og_type":"article","og_title":"Pol\u00edtica de cookies - Airtray Shower","og_description":"Responsable del tratamiento: Mundo Gaman SL Aqu\u00ed encontrar\u00e1s toda la informaci\u00f3n sobre estas famosas \u201cgalletas\u201d y c\u00f3mo gestionarlas. En este apartado, queremos facilitar a nuestros usuarios\/as informaci\u00f3n completa sobre los usos de las cookies y habilitar mecanismos para que todo usuario\/a pueda manifestar su negativa sobre su utilizaci\u00f3n, en tal caso, las cookies no ser\u00e1n&hellip;","og_url":"https:\/\/www.airtrayshower.com\/es\/politica-de-cookies\/","og_site_name":"Airtray Shower","article_modified_time":"2023-06-07T14:00:51+00:00","twitter_card":"summary_large_image","twitter_misc":{"Tiempo de lectura":"5 minutos"},"schema":{"@context":"https:\/\/schema.org","@graph":[{"@type":"WebPage","@id":"https:\/\/www.airtrayshower.com\/es\/politica-de-cookies\/","url":"https:\/\/www.airtrayshower.com\/es\/politica-de-cookies\/","name":"Pol\u00edtica de cookies - Airtray Shower","isPartOf":{"@id":"https:\/\/www.airtrayshower.com\/#website"},"datePublished":"2023-06-07T13:57:35+00:00","dateModified":"2023-06-07T14:00:51+00:00","inLanguage":"es","potentialAction":[{"@type":"ReadAction","target":["https:\/\/www.airtrayshower.com\/es\/politica-de-cookies\/"]}]},{"@type":"WebSite","@id":"https:\/\/www.airtrayshower.com\/#website","url":"https:\/\/www.airtrayshower.com\/","name":"Airtray Shower","description":"Air tray Shower is the future of installation for bathrooms","publisher":{"@id":"https:\/\/www.airtrayshower.com\/#organization"},"potentialAction":[{"@type":"SearchAction","target":{"@type":"EntryPoint","urlTemplate":"https:\/\/www.airtrayshower.com\/?s={search_term_string}"},"query-input":{"@type":"PropertyValueSpecification","valueRequired":true,"valueName":"search_term_string"}}],"inLanguage":"es"},{"@type":"Organization","@id":"https:\/\/www.airtrayshower.com\/#organization","name":"Airtray Shower","url":"https:\/\/www.airtrayshower.com\/","logo":{"@type":"ImageObject","inLanguage":"es","@id":"https:\/\/www.airtrayshower.com\/#\/schema\/logo\/image\/","url":"https:\/\/www.airtrayshower.com\/wp-content\/uploads\/2023\/03\/logo-1.png","contentUrl":"https:\/\/www.airtrayshower.com\/wp-content\/uploads\/2023\/03\/logo-1.png","width":186,"height":55,"caption":"Airtray Shower"},"image":{"@id":"https:\/\/www.airtrayshower.com\/#\/schema\/logo\/image\/"}}]}},"_links":{"self":[{"href":"https:\/\/www.airtrayshower.com\/es\/wp-json\/wp\/v2\/pages\/4074","targetHints":{"allow":["GET"]}}],"collection":[{"href":"https:\/\/www.airtrayshower.com\/es\/wp-json\/wp\/v2\/pages"}],"about":[{"href":"https:\/\/www.airtrayshower.com\/es\/wp-json\/wp\/v2\/types\/page"}],"author":[{"embeddable":true,"href":"https:\/\/www.airtrayshower.com\/es\/wp-json\/wp\/v2\/users\/1"}],"replies":[{"embeddable":true,"href":"https:\/\/www.airtrayshower.com\/es\/wp-json\/wp\/v2\/comments?post=4074"}],"version-history":[{"count":1,"href":"https:\/\/www.airtrayshower.com\/es\/wp-json\/wp\/v2\/pages\/4074\/revisions"}],"predecessor-version":[{"id":4075,"href":"https:\/\/www.airtrayshower.com\/es\/wp-json\/wp\/v2\/pages\/4074\/revisions\/4075"}],"wp:attachment":[{"href":"https:\/\/www.airtrayshower.com\/es\/wp-json\/wp\/v2\/media?parent=4074"}],"curies":[{"name":"wp","href":"https:\/\/api.w.org\/{rel}","templated":true}]}}