{"id":4210,"date":"2023-07-04T13:26:43","date_gmt":"2023-07-04T12:26:43","guid":{"rendered":"https:\/\/www.airtrayshower.com\/aviso-legal-y-condiciones-generales-de-uso-copy\/"},"modified":"2024-03-13T18:48:53","modified_gmt":"2024-03-13T17:48:53","slug":"condiciones-generales-de-la-venta-y-garantia","status":"publish","type":"page","link":"https:\/\/www.airtrayshower.com\/es\/condiciones-generales-de-la-venta-y-garantia\/","title":{"rendered":"Condiciones generales de la venta y garant\u00eda"},"content":{"rendered":"<h2>CONDICIONES GENERALES DE LA VENTA Y GARANT\u00cdA<\/h2>\n<p>Las presentes Condiciones de Generales de Venta, Garant\u00eda y Devoluciones se aplican a la venta de todos y cada uno de los productos expuestos en esta web. El uso de los servicios de esta tienda on-line presupone la aceptaci\u00f3n de estas Condiciones.<\/p>\n<p>Recomendamos leer con detenimiento las Condiciones de Generales de Venta, Garant\u00eda y Devoluciones antes de efectuar el pedido. Una vez realizada la compra, se entender\u00e1 que el cliente est\u00e1 de acuerdo y acepta todas y cada una de las Condiciones de Generales de Venta y Garant\u00eda.<\/p>\n<h2>CONDICIONES GENERALES DE LA VENTA<\/h2>\n<p>Seg\u00fan indica la LOTT &#8211; Ley de Ordenaci\u00f3n del Transporte Terrestre &#8211; en el momento de la recepci\u00f3n de los productos, el cliente debe verificar el n\u00famero de bultos recibidos y el buen estado de los productos entregados.<\/p>\n<p><strong>En caso de cualquier da\u00f1o durante el transporte, el cliente deber\u00e1 detallar las observaciones en el albar\u00e1n de entrega del transportista y comunicarlas a AirTray, junto con el n\u00famero de pedido, escribiendo a info@airtrayshower.com o llamando al departamento t\u00e9cnico (620 24 84 74) en un plazo m\u00e1ximo de 24 horas. No se admiten reclamaciones por desperfectos en transporte pasadas las 24 horas desde su recepci\u00f3n. <\/strong><\/p>\n<p>La compra de un material no implica el derecho a la instalaci\u00f3n, configuraci\u00f3n o explicaci\u00f3n del funcionamiento del mismo.<\/p>\n<p>AirTray no se hace responsable de las posibles demoras en el env\u00edo, derivadas de la falta de stock de cualquier producto, de la escasez de informaci\u00f3n en los pagos, retrasos de la empresa de mensajer\u00eda o cualquier otro motivo. Los plazos de entrega indicados son orientativos.<\/p>\n<p>AirTray hace sus mejores esfuerzos para que la informaci\u00f3n que aparece sea correcta, pero no puede garantizar la exactitud en las descripciones y stock. Los productos pueden sufrir, por disponibilidades del fabricante, peque\u00f1as variaciones en cuanto a las especificaciones, colores u otras caracter\u00edsticas de dise\u00f1o, siempre y cuando no supongan un dem\u00e9rito de las calidades y prestaciones publicitadas.<\/p>\n<p>AirTray\u00a0no se hace responsable de p\u00e9rdidas o sobrecostes ocasionados por errores en la direcci\u00f3n proporcionada por los clientes en el momento de la compra, recogidas por terceras personas en la direcci\u00f3n proporcionada o cambios de domicilio, tampoco por los sobrecostes derivados de retrasos en la entrega atribuibles al cliente, siendo \u00e9ste quien deber\u00e1 asumirlos.<\/p>\n<p>AirTray no se hace responsable de los perjuicios o costes derivados de la utilizaci\u00f3n, de la imposibilidad de utilizaci\u00f3n, causados por el error o falta de conformidad, retrasos o cualquier otro motivo, de sus productos.<\/p>\n<p>AirTray no realiza instalaci\u00f3n ni ofrece servicios de mantenimiento de sus productos y aunque se facilitan instrucciones de uso, instalaci\u00f3n y mantenimiento, \u00e9stas son responsabilidad del cliente, no siendo responsable AirTray de los da\u00f1os, perjuicios o costes derivados de una mala instalaci\u00f3n, mantenimiento o utilizaci\u00f3n, quedando adem\u00e1s anulada la garant\u00eda.<\/p>\n<p>Los compradores particulares tienen derecho a desistir el contrato sin necesidad de justificaci\u00f3n en un plazo de 14 d\u00edas naturales desde la recepci\u00f3n del pedido,\u00a0<strong>asumiendo el coste directo de devoluci\u00f3n de los bienes\u00a0<\/strong>(puede consultarnos el coste exacto seg\u00fan el producto y zona)\u00a0<strong>y debiendo dejar el producto embalado tal y como lo recibi\u00f3 y disponible a pie de calle para su recogida.<\/strong> Para ejercer el derecho de desistimiento, se deber\u00e1 <strong>notificar la decisi\u00f3n de desistir del contrato\u00a0<\/strong>contactando con AirTray\u00a0antes de que venza el plazo correspondiente.<\/p>\n<p>Una vez recibidos los productos, se devolver\u00e1 el dinero utilizando el mismo medio de pago empleado para la transacci\u00f3n inicial. Se podr\u00e1 retener el reembolso hasta haber recibido los bienes o verificado el correcto estado y devoluci\u00f3n de los mismos, seg\u00fan qu\u00e9 condici\u00f3n se cumpla primero.<\/p>\n<p>Los pedidos de m\u00e1s de tres unidades de alg\u00fan producto podr\u00e1n ser considerados como pedido de minorista, quedando \u00e9stos sometidos a la legalidad que rige este mercado y pudiendo ser rescindidos unilateralmente por AirTray si el cliente no est\u00e1 legalmente acreditado como minorista.<\/p>\n<p>AirTray se reserva el derecho a cancelar un pedido si no se ha recibido el pago del mismo en un plazo de cinco d\u00edas naturales.<\/p>\n<p>Las fotograf\u00edas y medidas mostradas en esta p\u00e1gina web son aproximadas y pueden variar. Las fotograf\u00edas mostradas no generan un v\u00ednculo contractual, puede haber variaciones por la configuraci\u00f3n y los extras comprados junto al producto.<\/p>\n<p>En adecuaci\u00f3n a la normativa aplicable, respecto al art\u00edculo 27.1 de la Ley 34\/2002, de 11 julio, de servicios de la sociedad de la informaci\u00f3n y comercio electr\u00f3nico le informamos que:<\/p>\n<ol>\n<li>El documento electr\u00f3nico en el que se finaliza el contrato quedar\u00e1 archivado en la administraci\u00f3n de la empresa y puede ser accesible mediante acceso privado con los datos de registro del cliente\u00a0del que se librar\u00e1 copia fidedigna del mismo o mediante la impresi\u00f3n del mismo en el momento de la aceptaci\u00f3n (posibilidad de imprimir).<\/li>\n<li>As\u00ed mismo, previamente a la aceptaci\u00f3n final del contrato electr\u00f3nico, existe una pantalla donde se podr\u00e1 analizar y modificar cualquier error de introducci\u00f3n y en su caso corregirlo.<\/li>\n<\/ol>\n<p>La compraventa se entiende realizada en el domicilio social de AirTray y ambas partes se regir\u00e1n por la normativa espa\u00f1ola vigente y cualquier controversia se someter\u00e1 a los Juzgados y Tribunales de Madrid.<\/p>\n<p>Resoluci\u00f3n de litigios en l\u00ednea en materia de consumo conforme al Art. 14.1 del Reglamento (UE) 524\/2013: La Comisi\u00f3n Europea facilita una plataforma de resoluci\u00f3n de litigios en l\u00ednea que se encuentra disponible en el siguiente enlace:<br \/>\n<a href=\"https:\/\/ec.europa.eu\/consumers\/odr\/\">https:\/\/ec.europa.eu\/consumers\/odr\/<\/a><\/p>\n<h2>CONDICIONES DE GARANT\u00cdA<\/h2>\n<p>En caso de producto defectuoso por la fabricaci\u00f3n, AirTray proceder\u00e1 a sustituirlo por otro similar siempre que no est\u00e9 instalado, gesti\u00f3n que ser\u00e1 gratuita para el cliente.<\/p>\n<p><strong>La garant\u00eda solo cubre defectos de fabricaci\u00f3n. No cubre el mal uso del producto, mala instalaci\u00f3n, ara\u00f1azos o el uso de productos de limpieza agresivos tipo quita cementos, disolventes, etc.<\/strong><\/p>\n<h2>FORMA DE PAGO<\/h2>\n<h3><strong>PAGO SEGURO CON TARJETA DE CR\u00c9DITO.<\/strong><\/h3>\n<p>Es el m\u00e9todo de pago m\u00e1s usado, r\u00e1pido y c\u00f3modo, disponible para todos los pedidos cuyo importe m\u00e1ximo no exceda los\u00a0<strong>10.000\u20ac<\/strong>\u00a0(IVA incluido).<\/p>\n<p>El pago se realiza a trav\u00e9s de la plataforma de alta seguridad de Servired de manera codificada (SSL) y segura. Nosotros no recibimos ning\u00fan dato sobre su tarjeta, solo recibimos confirmaci\u00f3n de si se ha efectuado el pago correctamente.<\/p>\n<p><img decoding=\"async\" class=\"alignnone size-full wp-image-4222\" src=\"https:\/\/www.airtrayshower.com\/wp-content\/uploads\/2023\/07\/tarjetas-creadito.jpg\" alt=\"\" width=\"240\" height=\"40\" \/><\/p>\n<h2>PLAZOS DE ENTREGA<\/h2>\n<p>AirTray env\u00eda los pedidos a sus clientes a trav\u00e9s de diferentes empresas de transporte urgente de reconocido prestigio nacional e internacional. La fecha de entrega en el domicilio del cliente depende de la disponibilidad del producto escogido y de la zona de env\u00edo.<\/p>\n<p>Los plazos de entrega dependen de la disponibilidad del producto escogido y de la zona de env\u00edo.<\/p>\n<p>Para productos en stock, los plazos de entrega aproximados a <strong>Espa\u00f1a peninsular son 24\/48 horas. Al resto de Europa, 72 horas.<\/strong><\/p>\n<p>Para productos fuera de stock, los plazos de entrega aproximados a Espa\u00f1a Peninsular son entre 15 y 20 d\u00edas. Al resto de Europa, por favor, consultar.<\/p>\n<p>Los plazos indicados tras la validaci\u00f3n del pedido se calcular\u00e1n en d\u00edas laborables (De Lunes a Viernes). Todo pedido que se registre con posterioridad a las 13:00h se tramitar\u00e1 en el siguiente d\u00eda h\u00e1bil y es entonces cuando empezar\u00e1 a contar el plazo de entrega.<\/p>\n<p>Los plazos de transporte se pueden ver alterados por incidencias extraordinarias en el transportista y por dificultades en la entrega de la mercanc\u00eda.<\/p>\n<p>La entrega de la mercanc\u00eda se realizar\u00e1 siempre a pie de calle.<\/p>\n<p>Si la mercanc\u00eda recibida presenta defectos en el embalaje o sospecha de haber sufrido el producto alg\u00fan desperfecto por el transporte, ha de verificar el estado del mismo en presencia del transportista e indicar en el albar\u00e1n de entrega.<\/p>\n<p>No se admiten reclamaciones por desperfectos en transporte pasadas las 24 horas desde su recepci\u00f3n.<\/p>\n<p><strong>Contacte con AirTray en el (+34) 620 24 84 74 si desea conocer los plazos de entrega a Baleares, Canarias, Ceuta\/Melilla y Europa o si desea m\u00e1s informaci\u00f3n.<\/strong><\/p>\n<h2>GASTOS DE ENV\u00cdO<\/h2>\n<p>Los gastos de env\u00edo no van incluidos en el precio y dependen del destino.<\/p>\n<table>\n<tbody>\n<tr>\n<td><strong>Zona geogr\u00e1fica<\/strong><\/td>\n<td><strong>Gastos de env\u00edo <\/strong><\/td>\n<\/tr>\n<tr>\n<td>Alemania<\/td>\n<td>GRATIS<\/td>\n<\/tr>\n<tr>\n<td>B\u00e9lgica<\/td>\n<td>GRATIS<\/td>\n<\/tr>\n<tr>\n<td>Croacia<\/td>\n<td>GRATIS<\/td>\n<\/tr>\n<tr>\n<td>Dinamarca<\/td>\n<td>GRATIS<\/td>\n<\/tr>\n<tr>\n<td>Espa\u00f1a<\/td>\n<td>GRATIS<\/td>\n<\/tr>\n<tr>\n<td>Francia<\/td>\n<td>GRATIS<\/td>\n<\/tr>\n<tr>\n<td>Irlanda<\/td>\n<td>GRATIS<\/td>\n<\/tr>\n<tr>\n<td>Letonia<\/td>\n<td>GRATIS<\/td>\n<\/tr>\n<tr>\n<td>Luxemburgo<\/td>\n<td>GRATIS<\/td>\n<\/tr>\n<tr>\n<td>Pa\u00edses\u00a0Bajos<\/td>\n<td>GRATIS<\/td>\n<\/tr>\n<tr>\n<td>Suecia<\/td>\n<td>GRATIS<\/td>\n<\/tr>\n<tr>\n<td>Bulgaria<\/td>\n<td>GRATIS<\/td>\n<\/tr>\n<tr>\n<td>Eslovaquia<\/td>\n<td>GRATIS<\/td>\n<\/tr>\n<tr>\n<td>Estonia<\/td>\n<td>GRATIS<\/td>\n<\/tr>\n<tr>\n<td>Grecia<\/td>\n<td>GRATIS<\/td>\n<\/tr>\n<tr>\n<td>Malta<\/td>\n<td>GRATIS<\/td>\n<\/tr>\n<tr>\n<td>Polonia<\/td>\n<td>GRATIS<\/td>\n<\/tr>\n<tr>\n<td>Rep\u00fablica Checa<\/td>\n<td>GRATIS<\/td>\n<\/tr>\n<tr>\n<td>Austria<\/td>\n<td>GRATIS<\/td>\n<\/tr>\n<tr>\n<td>Chipre<\/td>\n<td>GRATIS<\/td>\n<\/tr>\n<tr>\n<td>Eslovenia<\/td>\n<td>GRATIS<\/td>\n<\/tr>\n<tr>\n<td>Finlandia<\/td>\n<td>GRATIS<\/td>\n<\/tr>\n<tr>\n<td>Hungr\u00eda<\/td>\n<td>GRATIS<\/td>\n<\/tr>\n<tr>\n<td>Italia<\/td>\n<td>GRATIS<\/td>\n<\/tr>\n<tr>\n<td>Lituania<\/td>\n<td>GRATIS<\/td>\n<\/tr>\n<tr>\n<td>Portugal<\/td>\n<td>GRATIS<\/td>\n<\/tr>\n<tr>\n<td>Ruman\u00eda<\/td>\n<td>GRATIS<\/td>\n<\/tr>\n<tr>\n<td>Andorra<\/td>\n<td>15%<\/td>\n<\/tr>\n<tr>\n<td>M\u00f3naco<\/td>\n<td>15%<\/td>\n<\/tr>\n<tr>\n<td>Suiza<\/td>\n<td>15%<\/td>\n<\/tr>\n<tr>\n<td>Islas de toda EU<\/td>\n<td>15%<\/td>\n<\/tr>\n<tr>\n<td>Ceuta y Melilla<\/td>\n<td>15%<\/td>\n<\/tr>\n<tr>\n<td>Gibraltar<\/td>\n<td>15%<\/td>\n<\/tr>\n<\/tbody>\n<\/table>\n<p>&nbsp;<\/p>\n<h2>Impuestos aplicables<\/h2>\n<p>Los precios de los productos expuestos en la p\u00e1gina web de AirTray, incluyen el Impuesto sobre el Valor A\u00f1adido (IVA) que, en su caso, sea procedente aplicar. Las compras que vayan a ser entregadas dentro del territorio de cualquiera de los estados miembros de la Uni\u00f3n Europea estar\u00e1n sujetas a IVA. Las compras que deban ser entregadas en territorios de Estados no miembros de la Uni\u00f3n Europea, o en Canarias, Ceuta o Melilla estar\u00e1n exentas del IVA.<\/p>\n<h2>Derechos del comprador y pol\u00edtica de devoluciones<\/h2>\n<p>AirTray garantiza a sus clientes la posibilidad de anular su pedido en cualquier momento y sin ning\u00fan coste siempre que la anulaci\u00f3n se comunique antes de que el pedido haya sido puesto a disposici\u00f3n del transportista para su env\u00edo y siempre que el pedido no incluya colores o cortes personalizados.<\/p>\n<p>El cliente dispondr\u00e1 de un plazo de 14 d\u00edas naturales desde la recepci\u00f3n del producto sin penalizaciones por su ejercicio, siempre y cuando los productos\u00a0no hayan sido usados y en su embalaje original en perfecto estado y siempre que el pedido no incluya colores o cortes personalizados.<\/p>\n<p>En estos casos, AirTray, devolver\u00e1 el dinero de la compra a trav\u00e9s de un abono en la tarjeta de cr\u00e9dito, mediante una transferencia bancaria a la cuenta indicada por el cliente o mediante abono en su cuenta personal.<\/p>\n<p>El cliente comunicar\u00e1 a AirTray dentro del plazo estipulado y por cualquier medio admitido en derecho su deseo de ejercitar el derecho de resoluci\u00f3n del contrato.<\/p>\n<p>El pedido devuelto deber\u00e1 ser entregado en su\u00a0embalaje\u00a0original con la caja y etiquetas en perfecto estado,\u00a0junto con el albar\u00e1n de entrega y en su caso factura emitida, a AirTray, corriendo el comprador con los gastos de devoluci\u00f3n. AirTray deber\u00e1 realizar el reintegro al cliente del importe total de la compra.<\/p>\n<p>Si un producto distinto al solicitado por el cliente fuera entregado por error de AirTray, \u00e9ste le ser\u00e1 retirado y se le entregar\u00e1 el producto correcto sin ning\u00fan cargo adicional para el comprador.<\/p>\n<p>Para cualquier incidencia relacionada con la devoluci\u00f3n de art\u00edculos de nuestra tienda puede contactar con nuestro Departamento T\u00e9cnico llamando al tel\u00e9fono <strong>(+34) 620 24 84 74 <\/strong>de 10:00 a 18:00 hora espa\u00f1ola o en <strong>info@airtrayshower.com<\/strong>.<\/p>\n<h2>Obligaciones del cliente<\/h2>\n<p>El cliente de AirTray se compromete en todo momento a facilitar informaci\u00f3n veraz sobre los datos solicitados en los formularios de registro de usuario o de realizaci\u00f3n del pedido, y a mantenerlos actualizados en todo momento.<\/p>\n<p>El cliente se compromete a aceptar todas las disposiciones y condiciones recogidas en las presentes Condiciones de Generales de Venta, Garant\u00eda y Devoluciones entendiendo que recogen la mejor voluntad de servicio posible para el tipo de actividad que desarrolla AirTray.<\/p>\n<p>Asimismo, se compromete a guardar de forma confidencial y con la m\u00e1xima diligencia sus claves de acceso personal a nuestro sitio web.<\/p>\n<p>El cliente se compromete a posibilitar la entrega del pedido solicitado facilitando una direcci\u00f3n de entrega en la que pueda ser entregado el pedido solicitado dentro del horario habitual de entrega de mercanc\u00edas (de lunes a viernes de 10:00 a 18:00). En caso de incumplimiento por parte del cliente de esta obligaci\u00f3n, AirTray no tendr\u00e1 ninguna responsabilidad sobre el retraso o imposibilidad de entrega del pedido solicitado por el cliente.<\/p>\n","protected":false},"excerpt":{"rendered":"<p>CONDICIONES GENERALES DE LA VENTA Y GARANT\u00cdA Las presentes Condiciones de Generales de Venta, Garant\u00eda y Devoluciones se aplican a la venta de todos y cada uno de los productos expuestos en esta web. El uso de los servicios de esta tienda on-line presupone la aceptaci\u00f3n de estas Condiciones. Recomendamos leer con detenimiento las Condiciones&hellip;<\/p>\n","protected":false},"author":1,"featured_media":0,"parent":0,"menu_order":0,"comment_status":"closed","ping_status":"closed","template":"","meta":{"_acf_changed":false,"footnotes":""},"class_list":["post-4210","page","type-page","status-publish","hentry","description-off"],"acf":[],"yoast_head":"<!-- This site is optimized with the Yoast SEO plugin v27.4 - https:\/\/yoast.com\/product\/yoast-seo-wordpress\/ -->\n<title>Condiciones generales de la venta y garant\u00eda - Airtray Shower<\/title>\n<meta name=\"robots\" content=\"noindex, nofollow\" \/>\n<meta property=\"og:locale\" content=\"es_ES\" \/>\n<meta property=\"og:type\" content=\"article\" \/>\n<meta property=\"og:title\" content=\"Condiciones generales de la venta y garant\u00eda - Airtray Shower\" \/>\n<meta property=\"og:description\" content=\"CONDICIONES GENERALES DE LA VENTA Y GARANT\u00cdA Las presentes Condiciones de Generales de Venta, Garant\u00eda y Devoluciones se aplican a la venta de todos y cada uno de los productos expuestos en esta web. El uso de los servicios de esta tienda on-line presupone la aceptaci\u00f3n de estas Condiciones. Recomendamos leer con detenimiento las Condiciones&hellip;\" \/>\n<meta property=\"og:url\" content=\"https:\/\/www.airtrayshower.com\/es\/condiciones-generales-de-la-venta-y-garantia\/\" \/>\n<meta property=\"og:site_name\" content=\"Airtray Shower\" \/>\n<meta property=\"article:modified_time\" content=\"2024-03-13T17:48:53+00:00\" \/>\n<meta property=\"og:image\" content=\"https:\/\/www.airtrayshower.com\/wp-content\/uploads\/2023\/07\/tarjetas-creadito.jpg\" \/>\n<meta name=\"twitter:card\" content=\"summary_large_image\" \/>\n<meta name=\"twitter:label1\" content=\"Tiempo de lectura\" \/>\n\t<meta name=\"twitter:data1\" content=\"10 minutos\" \/>\n<script type=\"application\/ld+json\" class=\"yoast-schema-graph\">{\"@context\":\"https:\\\/\\\/schema.org\",\"@graph\":[{\"@type\":\"WebPage\",\"@id\":\"https:\\\/\\\/www.airtrayshower.com\\\/es\\\/condiciones-generales-de-la-venta-y-garantia\\\/\",\"url\":\"https:\\\/\\\/www.airtrayshower.com\\\/es\\\/condiciones-generales-de-la-venta-y-garantia\\\/\",\"name\":\"Condiciones generales de la venta y garant\u00eda - Airtray Shower\",\"isPartOf\":{\"@id\":\"https:\\\/\\\/www.airtrayshower.com\\\/#website\"},\"primaryImageOfPage\":{\"@id\":\"https:\\\/\\\/www.airtrayshower.com\\\/es\\\/condiciones-generales-de-la-venta-y-garantia\\\/#primaryimage\"},\"image\":{\"@id\":\"https:\\\/\\\/www.airtrayshower.com\\\/es\\\/condiciones-generales-de-la-venta-y-garantia\\\/#primaryimage\"},\"thumbnailUrl\":\"https:\\\/\\\/www.airtrayshower.com\\\/wp-content\\\/uploads\\\/2023\\\/07\\\/tarjetas-creadito.jpg\",\"datePublished\":\"2023-07-04T12:26:43+00:00\",\"dateModified\":\"2024-03-13T17:48:53+00:00\",\"inLanguage\":\"es\",\"potentialAction\":[{\"@type\":\"ReadAction\",\"target\":[\"https:\\\/\\\/www.airtrayshower.com\\\/es\\\/condiciones-generales-de-la-venta-y-garantia\\\/\"]}]},{\"@type\":\"ImageObject\",\"inLanguage\":\"es\",\"@id\":\"https:\\\/\\\/www.airtrayshower.com\\\/es\\\/condiciones-generales-de-la-venta-y-garantia\\\/#primaryimage\",\"url\":\"https:\\\/\\\/www.airtrayshower.com\\\/wp-content\\\/uploads\\\/2023\\\/07\\\/tarjetas-creadito.jpg\",\"contentUrl\":\"https:\\\/\\\/www.airtrayshower.com\\\/wp-content\\\/uploads\\\/2023\\\/07\\\/tarjetas-creadito.jpg\"},{\"@type\":\"WebSite\",\"@id\":\"https:\\\/\\\/www.airtrayshower.com\\\/#website\",\"url\":\"https:\\\/\\\/www.airtrayshower.com\\\/\",\"name\":\"Airtray Shower\",\"description\":\"Air tray Shower is the future of installation for bathrooms\",\"publisher\":{\"@id\":\"https:\\\/\\\/www.airtrayshower.com\\\/#organization\"},\"potentialAction\":[{\"@type\":\"SearchAction\",\"target\":{\"@type\":\"EntryPoint\",\"urlTemplate\":\"https:\\\/\\\/www.airtrayshower.com\\\/?s={search_term_string}\"},\"query-input\":{\"@type\":\"PropertyValueSpecification\",\"valueRequired\":true,\"valueName\":\"search_term_string\"}}],\"inLanguage\":\"es\"},{\"@type\":\"Organization\",\"@id\":\"https:\\\/\\\/www.airtrayshower.com\\\/#organization\",\"name\":\"Airtray Shower\",\"url\":\"https:\\\/\\\/www.airtrayshower.com\\\/\",\"logo\":{\"@type\":\"ImageObject\",\"inLanguage\":\"es\",\"@id\":\"https:\\\/\\\/www.airtrayshower.com\\\/#\\\/schema\\\/logo\\\/image\\\/\",\"url\":\"https:\\\/\\\/www.airtrayshower.com\\\/wp-content\\\/uploads\\\/2023\\\/03\\\/logo-1.png\",\"contentUrl\":\"https:\\\/\\\/www.airtrayshower.com\\\/wp-content\\\/uploads\\\/2023\\\/03\\\/logo-1.png\",\"width\":186,\"height\":55,\"caption\":\"Airtray Shower\"},\"image\":{\"@id\":\"https:\\\/\\\/www.airtrayshower.com\\\/#\\\/schema\\\/logo\\\/image\\\/\"}}]}<\/script>\n<!-- \/ Yoast SEO plugin. -->","yoast_head_json":{"title":"Condiciones generales de la venta y garant\u00eda - Airtray Shower","robots":{"index":"noindex","follow":"nofollow"},"og_locale":"es_ES","og_type":"article","og_title":"Condiciones generales de la venta y garant\u00eda - Airtray Shower","og_description":"CONDICIONES GENERALES DE LA VENTA Y GARANT\u00cdA Las presentes Condiciones de Generales de Venta, Garant\u00eda y Devoluciones se aplican a la venta de todos y cada uno de los productos expuestos en esta web. El uso de los servicios de esta tienda on-line presupone la aceptaci\u00f3n de estas Condiciones. Recomendamos leer con detenimiento las Condiciones&hellip;","og_url":"https:\/\/www.airtrayshower.com\/es\/condiciones-generales-de-la-venta-y-garantia\/","og_site_name":"Airtray Shower","article_modified_time":"2024-03-13T17:48:53+00:00","og_image":[{"url":"https:\/\/www.airtrayshower.com\/wp-content\/uploads\/2023\/07\/tarjetas-creadito.jpg","type":"","width":"","height":""}],"twitter_card":"summary_large_image","twitter_misc":{"Tiempo de lectura":"10 minutos"},"schema":{"@context":"https:\/\/schema.org","@graph":[{"@type":"WebPage","@id":"https:\/\/www.airtrayshower.com\/es\/condiciones-generales-de-la-venta-y-garantia\/","url":"https:\/\/www.airtrayshower.com\/es\/condiciones-generales-de-la-venta-y-garantia\/","name":"Condiciones generales de la venta y garant\u00eda - Airtray Shower","isPartOf":{"@id":"https:\/\/www.airtrayshower.com\/#website"},"primaryImageOfPage":{"@id":"https:\/\/www.airtrayshower.com\/es\/condiciones-generales-de-la-venta-y-garantia\/#primaryimage"},"image":{"@id":"https:\/\/www.airtrayshower.com\/es\/condiciones-generales-de-la-venta-y-garantia\/#primaryimage"},"thumbnailUrl":"https:\/\/www.airtrayshower.com\/wp-content\/uploads\/2023\/07\/tarjetas-creadito.jpg","datePublished":"2023-07-04T12:26:43+00:00","dateModified":"2024-03-13T17:48:53+00:00","inLanguage":"es","potentialAction":[{"@type":"ReadAction","target":["https:\/\/www.airtrayshower.com\/es\/condiciones-generales-de-la-venta-y-garantia\/"]}]},{"@type":"ImageObject","inLanguage":"es","@id":"https:\/\/www.airtrayshower.com\/es\/condiciones-generales-de-la-venta-y-garantia\/#primaryimage","url":"https:\/\/www.airtrayshower.com\/wp-content\/uploads\/2023\/07\/tarjetas-creadito.jpg","contentUrl":"https:\/\/www.airtrayshower.com\/wp-content\/uploads\/2023\/07\/tarjetas-creadito.jpg"},{"@type":"WebSite","@id":"https:\/\/www.airtrayshower.com\/#website","url":"https:\/\/www.airtrayshower.com\/","name":"Airtray Shower","description":"Air tray Shower is the future of installation for bathrooms","publisher":{"@id":"https:\/\/www.airtrayshower.com\/#organization"},"potentialAction":[{"@type":"SearchAction","target":{"@type":"EntryPoint","urlTemplate":"https:\/\/www.airtrayshower.com\/?s={search_term_string}"},"query-input":{"@type":"PropertyValueSpecification","valueRequired":true,"valueName":"search_term_string"}}],"inLanguage":"es"},{"@type":"Organization","@id":"https:\/\/www.airtrayshower.com\/#organization","name":"Airtray Shower","url":"https:\/\/www.airtrayshower.com\/","logo":{"@type":"ImageObject","inLanguage":"es","@id":"https:\/\/www.airtrayshower.com\/#\/schema\/logo\/image\/","url":"https:\/\/www.airtrayshower.com\/wp-content\/uploads\/2023\/03\/logo-1.png","contentUrl":"https:\/\/www.airtrayshower.com\/wp-content\/uploads\/2023\/03\/logo-1.png","width":186,"height":55,"caption":"Airtray Shower"},"image":{"@id":"https:\/\/www.airtrayshower.com\/#\/schema\/logo\/image\/"}}]}},"_links":{"self":[{"href":"https:\/\/www.airtrayshower.com\/es\/wp-json\/wp\/v2\/pages\/4210","targetHints":{"allow":["GET"]}}],"collection":[{"href":"https:\/\/www.airtrayshower.com\/es\/wp-json\/wp\/v2\/pages"}],"about":[{"href":"https:\/\/www.airtrayshower.com\/es\/wp-json\/wp\/v2\/types\/page"}],"author":[{"embeddable":true,"href":"https:\/\/www.airtrayshower.com\/es\/wp-json\/wp\/v2\/users\/1"}],"replies":[{"embeddable":true,"href":"https:\/\/www.airtrayshower.com\/es\/wp-json\/wp\/v2\/comments?post=4210"}],"version-history":[{"count":8,"href":"https:\/\/www.airtrayshower.com\/es\/wp-json\/wp\/v2\/pages\/4210\/revisions"}],"predecessor-version":[{"id":4843,"href":"https:\/\/www.airtrayshower.com\/es\/wp-json\/wp\/v2\/pages\/4210\/revisions\/4843"}],"wp:attachment":[{"href":"https:\/\/www.airtrayshower.com\/es\/wp-json\/wp\/v2\/media?parent=4210"}],"curies":[{"name":"wp","href":"https:\/\/api.w.org\/{rel}","templated":true}]}}