{"id":4055,"date":"2023-01-16T10:10:10","date_gmt":"2023-01-16T09:10:10","guid":{"rendered":"https:\/\/www.airtrayshower.com\/politica-privacidad\/"},"modified":"2024-03-11T11:28:48","modified_gmt":"2024-03-11T10:28:48","slug":"politique-de-confidentialite","status":"publish","type":"page","link":"https:\/\/www.airtrayshower.com\/fr\/politique-de-confidentialite\/","title":{"rendered":"Politique de confidentialit\u00e9"},"content":{"rendered":"<p><strong>POLITIQUE DE CONFIDENTIALIT\u00c9<\/strong><\/p>\n<p><strong>1. INFORMATION AUX UTILISATEURS<\/strong><\/p>\n<p>Mundo Gaman SL, en tant que responsable du traitement, vous informe que, conform\u00e9ment aux dispositions du r\u00e8glement (UE) 2016\/679, du 27 avril, (RGPD) et \u00e0 la L.O. 3\/2018, du 5 d\u00e9cembre, sur la protection des donn\u00e9es et la garantie des droits num\u00e9riques (LOPDGDD), vos donn\u00e9es seront trait\u00e9es comme \u00e9nonc\u00e9 dans la pr\u00e9sente politique de confidentialit\u00e9.<\/p>\n<p>La pr\u00e9sente politique s&rsquo;applique au traitement de vos donn\u00e9es personnelles collect\u00e9es par Mundo Gaman pour la fourniture de ses services. Si vous acceptez les dispositions de cette politique, vous consentez \u00e0 ce que nous traitions vos donn\u00e9es personnelles comme \u00e9nonc\u00e9 ci-dessous.<\/p>\n<p><strong>2. CONTACT<\/strong><\/p>\n<ul>\n<li>Nom de l&rsquo;entreprise : Mundo Gaman SL<\/li>\n<li>Si\u00e8ge social : Calle Destornillador 25, 28400 Collado Villalba, Madrid, Espagne<\/li>\n<li>Num\u00e9ro de t\u00e9l\u00e9phone : (+34) 620 326 374<\/li>\n<li>Adresse e-mail : info@airtrayshower.com<\/li>\n<\/ul>\n<p><strong>3. PRINCIPES CL\u00c9S<\/strong><\/p>\n<p>Notre engagement a toujours \u00e9t\u00e9 de fournir nos services avec le plus haut degr\u00e9 de qualit\u00e9, y compris de traiter vos donn\u00e9es de mani\u00e8re s\u00fbre et transparente. Nos principes sont :<\/p>\n<ul>\n<li><strong>L\u00e9galit\u00e9<\/strong> : nous collecterons vos donn\u00e9es personnelles uniquement \u00e0 des fins sp\u00e9cifiques, explicites et l\u00e9gitimes.<\/li>\n<li><strong>Minimisation des donn\u00e9es<\/strong> : nous limitons la collecte des donn\u00e9es personnelles \u00e0 ce qui est strictement pertinent et n\u00e9cessaire aux fins pour lesquelles elles ont \u00e9t\u00e9 collect\u00e9es.<\/li>\n<li><strong>Limitation de l&rsquo;objectif<\/strong> : nous ne collecterons vos donn\u00e9es personnelles qu&rsquo;aux fins indiqu\u00e9es et conform\u00e9ment \u00e0 vos souhaits.<\/li>\n<li><strong>Exactitude<\/strong> : nous veillerons \u00e0 ce que vos donn\u00e9es personnelles soient exactes et \u00e0 jour.<\/li>\n<li><strong>S\u00e9curit\u00e9 des donn\u00e9es<\/strong> : nous mettons en \u0153uvre des mesures techniques et organisationnelles adapt\u00e9es, proportionn\u00e9es aux risques, afin de garantir que vos donn\u00e9es ne soient pas endommag\u00e9es, pour \u00e9viter des cas de divulgation ou d&rsquo;acc\u00e8s non autoris\u00e9, de destruction accidentelle ou illicite, de perte accidentelle ou d&rsquo;alt\u00e9ration et de toute autre forme de traitement illicite.<\/li>\n<li><strong>Acc\u00e8s et rectification<\/strong> : nous disposons des moyens pour que vous puissiez acc\u00e9der \u00e0 vos donn\u00e9es ou les rectifier lorsque vous le jugez appropri\u00e9.<\/li>\n<li><strong>Conservation<\/strong> : nous conservons vos donn\u00e9es personnelles d&rsquo;une mani\u00e8re l\u00e9gale et appropri\u00e9e, uniquement pendant la dur\u00e9e n\u00e9cessaire et aux fins pour lesquelles elles ont \u00e9t\u00e9 collect\u00e9es.<\/li>\n<li><strong>Transferts internationaux<\/strong> : lorsque vos donn\u00e9es doivent \u00eatre transf\u00e9r\u00e9es en dehors de l&rsquo;UE\/EEE, elles sont prot\u00e9g\u00e9es de mani\u00e8re ad\u00e9quate.<\/li>\n<li><strong>Tiers<\/strong> : l&rsquo;acc\u00e8s aux donn\u00e9es personnelles et leur transfert \u00e0 des tiers s&rsquo;effectuent conform\u00e9ment aux lois et r\u00e8glements applicables et avec les garanties contractuelles appropri\u00e9es.<\/li>\n<li><strong>Marketing direct et cookies<\/strong> : nous nous conformons \u00e0 la l\u00e9gislation applicable en mati\u00e8re de publicit\u00e9 et de cookies.<\/li>\n<\/ul>\n<p><strong>4. COLLECTE ET TRAITEMENT DE VOS DONNEES PERSONNELLES<\/strong><\/p>\n<p>Les types de donn\u00e9es qui peuvent \u00eatre demand\u00e9es et trait\u00e9es sont :<\/p>\n<ul>\n<li>Donn\u00e9es \u00e0 caract\u00e8re identifiant.<\/li>\n<li>Donn\u00e9es relatives \u00e0 votre visite sur notre site web, collect\u00e9es automatiquement, comme \u00e9nonc\u00e9 dans la politique en mati\u00e8re de cookies.<\/li>\n<\/ul>\n<p>Chaque fois que nous vous demandons vos donn\u00e9es personnelles, nous vous indiquons clairement quelles donn\u00e9es personnelles nous collectons et dans quel but. En g\u00e9n\u00e9ral, nous collectons et traitons vos donn\u00e9es personnelles dans le but de :<\/p>\n<ul>\n<li>Fournir les produits et\/ou services demand\u00e9s par l&rsquo;utilisateur.<\/li>\n<li>Envoyer des communications.<\/li>\n<\/ul>\n<p><strong>5. L\u00c9GITIMIT\u00c9<\/strong><\/p>\n<p>Conform\u00e9ment \u00e0 la l\u00e9gislation applicable en mati\u00e8re de protection des donn\u00e9es, vos donn\u00e9es personnelles peuvent \u00eatre trait\u00e9es sous r\u00e9serve que :<\/p>\n<ul>\n<li>Vous nous ayez donn\u00e9 votre consentement aux fins du traitement. Vous pouvez bien entendu retirer votre consentement \u00e0 tout moment.<\/li>\n<li>En raison d&rsquo;obligations juridiques.<\/li>\n<li>Il existe un int\u00e9r\u00eat l\u00e9gitime qui ne sera pas affect\u00e9 par vos droits \u00e0 la confidentialit\u00e9, comme par exemple l&rsquo;envoi d&rsquo;informations commerciales soit par l&rsquo;abonnement \u00e0 une newsletter, soit en votre qualit\u00e9 de client.<\/li>\n<li>Le traitement est n\u00e9cessaire \u00e0 la prestation de l&rsquo;un de nos services dans le cadre d&rsquo;une relation contractuelle entre vous et nous.<\/li>\n<\/ul>\n<p><strong>6. COMMUNICATION DES DONN\u00c9ES PERSONNELLES<\/strong><\/p>\n<p>Les donn\u00e9es peuvent \u00eatre communiqu\u00e9es \u00e0 des entreprises li\u00e9es \u00e0 Mundo Gaman SL pour la prestation des diff\u00e9rents services en qualit\u00e9 de responsables du traitement des donn\u00e9es. Mundo Gaman n&rsquo;effectuera aucune cession, sauf en cas d&rsquo;obligation l\u00e9gale.<\/p>\n<p><strong>7. VOS DROITS<\/strong><\/p>\n<p>En ce qui concerne la collecte et le traitement de vos donn\u00e9es personnelles, vous pouvez nous contacter \u00e0 tout moment pour :<\/p>\n<ul>\n<li>Acc\u00e9der \u00e0 vos donn\u00e9es personnelles et \u00e0 toute autre information indiqu\u00e9e \u00e0 l&rsquo;article 15.1 du RGPD.<\/li>\n<li>Rectifier vos donn\u00e9es personnelles qui sont inexactes ou incompl\u00e8tes conform\u00e9ment \u00e0 l&rsquo;article 16 du RGPD.<\/li>\n<li>Supprimer vos donn\u00e9es personnelles conform\u00e9ment \u00e0 l&rsquo;article 17 du RGPD.<\/li>\n<li>Limiter le traitement de vos donn\u00e9es personnelles conform\u00e9ment \u00e0 l&rsquo;article 18 du RGPD.<\/li>\n<li>Demander la portabilit\u00e9 de vos donn\u00e9es conform\u00e9ment \u00e0 l&rsquo;article 20 du RGPD.<\/li>\n<li>Vous opposer au traitement de vos donn\u00e9es personnelles conform\u00e9ment \u00e0 l&rsquo;article 21 du RGPD.<\/li>\n<\/ul>\n<p>Si vous avez donn\u00e9 votre consentement pour une finalit\u00e9 sp\u00e9cifique, vous avez le droit de le retirer \u00e0 tout moment, sans que ce retrait n&rsquo;affecte la l\u00e9galit\u00e9 du traitement fond\u00e9 sur le consentement avant son retrait.<\/p>\n<p>Vous pouvez exercer ces droits en envoyant un courrier comprenant vos coordonn\u00e9es et en expliquant la raison \u00e0 info@airtrayshower.com.<\/p>\n<p>Vous avez \u00e9galement le droit de pr\u00e9senter une r\u00e9clamation aupr\u00e8s de l&rsquo;autorit\u00e9 de contr\u00f4le comp\u00e9tente (www.aepd.es) si vous estimez que le traitement n&rsquo;est pas conforme \u00e0 la l\u00e9gislation en vigueur.<\/p>\n<p><strong>8. INFORMATION JURIDIQUE<\/strong><\/p>\n<p>Les exigences de la pr\u00e9sente politique compl\u00e8tent, et ne remplacent pas, toute autre exigence existant en vertu de la l\u00e9gislation applicable en mati\u00e8re de protection des donn\u00e9es, qui pr\u00e9vaut en tout \u00e9tat de cause.<\/p>\n<p>La pr\u00e9sente politique fait l&rsquo;objet d&rsquo;une r\u00e9vision p\u00e9riodique et peut \u00eatre modifi\u00e9e par Mundo Gaman \u00e0 tout moment.<\/p>\n","protected":false},"excerpt":{"rendered":"<p>POLITIQUE DE CONFIDENTIALIT\u00c9 1. INFORMATION AUX UTILISATEURS Mundo Gaman SL, en tant que responsable du traitement, vous informe que, conform\u00e9ment aux dispositions du r\u00e8glement (UE) 2016\/679, du 27 avril, (RGPD) et \u00e0 la L.O. 3\/2018, du 5 d\u00e9cembre, sur la protection des donn\u00e9es et la garantie des droits num\u00e9riques (LOPDGDD), vos donn\u00e9es seront trait\u00e9es comme&hellip;<\/p>\n","protected":false},"author":1,"featured_media":0,"parent":0,"menu_order":0,"comment_status":"closed","ping_status":"open","template":"","meta":{"_acf_changed":false,"footnotes":""},"class_list":["post-4055","page","type-page","status-publish","hentry","description-off"],"acf":[],"yoast_head":"<!-- This site is optimized with the Yoast SEO plugin v27.4 - https:\/\/yoast.com\/product\/yoast-seo-wordpress\/ -->\n<title>Politique de confidentialit\u00e9 - Airtray Shower<\/title>\n<meta name=\"robots\" content=\"noindex, nofollow\" \/>\n<meta property=\"og:locale\" content=\"fr_FR\" \/>\n<meta property=\"og:type\" content=\"article\" \/>\n<meta property=\"og:title\" content=\"Politique de confidentialit\u00e9 - Airtray Shower\" \/>\n<meta property=\"og:description\" content=\"POLITIQUE DE CONFIDENTIALIT\u00c9 1. INFORMATION AUX UTILISATEURS Mundo Gaman SL, en tant que responsable du traitement, vous informe que, conform\u00e9ment aux dispositions du r\u00e8glement (UE) 2016\/679, du 27 avril, (RGPD) et \u00e0 la L.O. 3\/2018, du 5 d\u00e9cembre, sur la protection des donn\u00e9es et la garantie des droits num\u00e9riques (LOPDGDD), vos donn\u00e9es seront trait\u00e9es comme&hellip;\" \/>\n<meta property=\"og:url\" content=\"https:\/\/www.airtrayshower.com\/fr\/politique-de-confidentialite\/\" \/>\n<meta property=\"og:site_name\" content=\"Airtray Shower\" \/>\n<meta property=\"article:modified_time\" content=\"2024-03-11T10:28:48+00:00\" \/>\n<meta name=\"twitter:card\" content=\"summary_large_image\" \/>\n<meta name=\"twitter:label1\" content=\"Dur\u00e9e de lecture estim\u00e9e\" \/>\n\t<meta name=\"twitter:data1\" content=\"5 minutes\" \/>\n<script type=\"application\/ld+json\" class=\"yoast-schema-graph\">{\"@context\":\"https:\\\/\\\/schema.org\",\"@graph\":[{\"@type\":\"WebPage\",\"@id\":\"https:\\\/\\\/www.airtrayshower.com\\\/fr\\\/politique-de-confidentialite\\\/\",\"url\":\"https:\\\/\\\/www.airtrayshower.com\\\/fr\\\/politique-de-confidentialite\\\/\",\"name\":\"Politique de confidentialit\u00e9 - Airtray Shower\",\"isPartOf\":{\"@id\":\"https:\\\/\\\/www.airtrayshower.com\\\/#website\"},\"datePublished\":\"2023-01-16T09:10:10+00:00\",\"dateModified\":\"2024-03-11T10:28:48+00:00\",\"inLanguage\":\"fr-FR\",\"potentialAction\":[{\"@type\":\"ReadAction\",\"target\":[\"https:\\\/\\\/www.airtrayshower.com\\\/fr\\\/politique-de-confidentialite\\\/\"]}]},{\"@type\":\"WebSite\",\"@id\":\"https:\\\/\\\/www.airtrayshower.com\\\/#website\",\"url\":\"https:\\\/\\\/www.airtrayshower.com\\\/\",\"name\":\"Airtray Shower\",\"description\":\"Air tray Shower is the future of installation for bathrooms\",\"publisher\":{\"@id\":\"https:\\\/\\\/www.airtrayshower.com\\\/#organization\"},\"potentialAction\":[{\"@type\":\"SearchAction\",\"target\":{\"@type\":\"EntryPoint\",\"urlTemplate\":\"https:\\\/\\\/www.airtrayshower.com\\\/?s={search_term_string}\"},\"query-input\":{\"@type\":\"PropertyValueSpecification\",\"valueRequired\":true,\"valueName\":\"search_term_string\"}}],\"inLanguage\":\"fr-FR\"},{\"@type\":\"Organization\",\"@id\":\"https:\\\/\\\/www.airtrayshower.com\\\/#organization\",\"name\":\"Airtray Shower\",\"url\":\"https:\\\/\\\/www.airtrayshower.com\\\/\",\"logo\":{\"@type\":\"ImageObject\",\"inLanguage\":\"fr-FR\",\"@id\":\"https:\\\/\\\/www.airtrayshower.com\\\/#\\\/schema\\\/logo\\\/image\\\/\",\"url\":\"https:\\\/\\\/www.airtrayshower.com\\\/wp-content\\\/uploads\\\/2023\\\/03\\\/logo-1.png\",\"contentUrl\":\"https:\\\/\\\/www.airtrayshower.com\\\/wp-content\\\/uploads\\\/2023\\\/03\\\/logo-1.png\",\"width\":186,\"height\":55,\"caption\":\"Airtray Shower\"},\"image\":{\"@id\":\"https:\\\/\\\/www.airtrayshower.com\\\/#\\\/schema\\\/logo\\\/image\\\/\"}}]}<\/script>\n<!-- \/ Yoast SEO plugin. -->","yoast_head_json":{"title":"Politique de confidentialit\u00e9 - Airtray Shower","robots":{"index":"noindex","follow":"nofollow"},"og_locale":"fr_FR","og_type":"article","og_title":"Politique de confidentialit\u00e9 - Airtray Shower","og_description":"POLITIQUE DE CONFIDENTIALIT\u00c9 1. INFORMATION AUX UTILISATEURS Mundo Gaman SL, en tant que responsable du traitement, vous informe que, conform\u00e9ment aux dispositions du r\u00e8glement (UE) 2016\/679, du 27 avril, (RGPD) et \u00e0 la L.O. 3\/2018, du 5 d\u00e9cembre, sur la protection des donn\u00e9es et la garantie des droits num\u00e9riques (LOPDGDD), vos donn\u00e9es seront trait\u00e9es comme&hellip;","og_url":"https:\/\/www.airtrayshower.com\/fr\/politique-de-confidentialite\/","og_site_name":"Airtray Shower","article_modified_time":"2024-03-11T10:28:48+00:00","twitter_card":"summary_large_image","twitter_misc":{"Dur\u00e9e de lecture estim\u00e9e":"5 minutes"},"schema":{"@context":"https:\/\/schema.org","@graph":[{"@type":"WebPage","@id":"https:\/\/www.airtrayshower.com\/fr\/politique-de-confidentialite\/","url":"https:\/\/www.airtrayshower.com\/fr\/politique-de-confidentialite\/","name":"Politique de confidentialit\u00e9 - Airtray Shower","isPartOf":{"@id":"https:\/\/www.airtrayshower.com\/#website"},"datePublished":"2023-01-16T09:10:10+00:00","dateModified":"2024-03-11T10:28:48+00:00","inLanguage":"fr-FR","potentialAction":[{"@type":"ReadAction","target":["https:\/\/www.airtrayshower.com\/fr\/politique-de-confidentialite\/"]}]},{"@type":"WebSite","@id":"https:\/\/www.airtrayshower.com\/#website","url":"https:\/\/www.airtrayshower.com\/","name":"Airtray Shower","description":"Air tray Shower is the future of installation for bathrooms","publisher":{"@id":"https:\/\/www.airtrayshower.com\/#organization"},"potentialAction":[{"@type":"SearchAction","target":{"@type":"EntryPoint","urlTemplate":"https:\/\/www.airtrayshower.com\/?s={search_term_string}"},"query-input":{"@type":"PropertyValueSpecification","valueRequired":true,"valueName":"search_term_string"}}],"inLanguage":"fr-FR"},{"@type":"Organization","@id":"https:\/\/www.airtrayshower.com\/#organization","name":"Airtray Shower","url":"https:\/\/www.airtrayshower.com\/","logo":{"@type":"ImageObject","inLanguage":"fr-FR","@id":"https:\/\/www.airtrayshower.com\/#\/schema\/logo\/image\/","url":"https:\/\/www.airtrayshower.com\/wp-content\/uploads\/2023\/03\/logo-1.png","contentUrl":"https:\/\/www.airtrayshower.com\/wp-content\/uploads\/2023\/03\/logo-1.png","width":186,"height":55,"caption":"Airtray Shower"},"image":{"@id":"https:\/\/www.airtrayshower.com\/#\/schema\/logo\/image\/"}}]}},"_links":{"self":[{"href":"https:\/\/www.airtrayshower.com\/fr\/wp-json\/wp\/v2\/pages\/4055","targetHints":{"allow":["GET"]}}],"collection":[{"href":"https:\/\/www.airtrayshower.com\/fr\/wp-json\/wp\/v2\/pages"}],"about":[{"href":"https:\/\/www.airtrayshower.com\/fr\/wp-json\/wp\/v2\/types\/page"}],"author":[{"embeddable":true,"href":"https:\/\/www.airtrayshower.com\/fr\/wp-json\/wp\/v2\/users\/1"}],"replies":[{"embeddable":true,"href":"https:\/\/www.airtrayshower.com\/fr\/wp-json\/wp\/v2\/comments?post=4055"}],"version-history":[{"count":4,"href":"https:\/\/www.airtrayshower.com\/fr\/wp-json\/wp\/v2\/pages\/4055\/revisions"}],"predecessor-version":[{"id":4522,"href":"https:\/\/www.airtrayshower.com\/fr\/wp-json\/wp\/v2\/pages\/4055\/revisions\/4522"}],"wp:attachment":[{"href":"https:\/\/www.airtrayshower.com\/fr\/wp-json\/wp\/v2\/media?parent=4055"}],"curies":[{"name":"wp","href":"https:\/\/api.w.org\/{rel}","templated":true}]}}