{"id":4073,"date":"2023-06-07T14:57:35","date_gmt":"2023-06-07T13:57:35","guid":{"rendered":"https:\/\/www.airtrayshower.com\/cookies-policy\/"},"modified":"2024-03-11T11:29:50","modified_gmt":"2024-03-11T10:29:50","slug":"politique-de-cookies","status":"publish","type":"page","link":"https:\/\/www.airtrayshower.com\/fr\/politique-de-cookies\/","title":{"rendered":"Politique de cookies"},"content":{"rendered":"<p><strong>Responsable du traitement : Mundo Gaman SL<\/strong><\/p>\n<p>Vous trouverez ici toutes les informations concernant ces c\u00e9l\u00e8bres \u00ab\u00a0biscuits\u00a0\u00bb et la mani\u00e8re de les g\u00e9rer.<\/p>\n<p>Dans cette rubrique, nous souhaitons fournir \u00e0 nos utilisateurs une information compl\u00e8te concernant l&rsquo;utilisation des cookies et mettre en place des m\u00e9canismes permettant \u00e0 tous les utilisateurs d&rsquo;exprimer leur refus quant \u00e0 leur utilisation, auquel cas les cookies ne seront pas t\u00e9l\u00e9charg\u00e9s sur leurs appareils.<\/p>\n<p>La pr\u00e9sente politique et la fa\u00e7on dont nous g\u00e9rons les cookies sont conformes aux obligations pr\u00e9vues au deuxi\u00e8me paragraphe de l&rsquo;article 22 de la loi 34\/2002, du 11 juillet, sur les services de la soci\u00e9t\u00e9 de l&rsquo;information et le commerce \u00e9lectronique (LSSI), le r\u00e8glement (UE) 2016\/679 du Parlement europ\u00e9en et du Conseil du 27 avril 2016, le r\u00e8glement g\u00e9n\u00e9rale sur la protection des donn\u00e9es (RGPD) et la loi organique 3\/2018, du 5 d\u00e9cembre, sur la protection des donn\u00e9es et la garantie des droits num\u00e9riques (LOPDGDD).<\/p>\n<p><strong>N&rsquo;oubliez pas que :<\/strong><\/p>\n<p>Vous pouvez autoriser ou bloquer les cookies, ainsi que supprimer vos donn\u00e9es de navigation (y compris les cookies) du navigateur que vous utilisez. \u00c0 cet effet, veuillez consulter les options et les informations fournies par votre navigateur. Veuillez noter que si vous acceptez les cookies de tiers, vous devez les supprimer dans les options de votre navigateur.<\/p>\n<p><strong>Acceptation des cookies<\/strong><\/p>\n<p>Lorsque vous acc\u00e9dez \u00e0 ce site web ou \u00e0 cette application pour la premi\u00e8re fois, un avertissement appara\u00eet pour vous informer de l&rsquo;utilisation de cookies et de l&rsquo;endroit o\u00f9 vous pouvez consulter la pr\u00e9sente politique en mati\u00e8re de cookies.<\/p>\n<p>Aucun cookie ne sera t\u00e9l\u00e9charg\u00e9 tant que l&rsquo;utilisateur n&rsquo;aura pas express\u00e9ment consenti \u00e0 leur installation. Si l&rsquo;utilisateur consent \u00e0 l&rsquo;utilisation de cookies, ceux-ci seront install\u00e9s sur son ordinateur ou son appareil.<\/p>\n<p>Outre l&rsquo;utilisation de nos propres cookies, nous autorisons des tiers \u00e0 installer des cookies sur votre appareil et \u00e0 y acc\u00e9der.<\/p>\n<p><strong>Quelles informations un cookie stocke-t-il ?<\/strong><\/p>\n<p>Les cookies ne stockent g\u00e9n\u00e9ralement pas d&rsquo;informations sensibles, telles que celles concernant les cartes de cr\u00e9dit ou les donn\u00e9es bancaires, des photographies ou des informations personnelles, etc. Les donn\u00e9es qu&rsquo;ils stockent sont de nature technique ou statistique, les pr\u00e9f\u00e9rences personnelles, la personnalisation du contenu, etc.<\/p>\n<p>Le serveur web n&rsquo;associe pas l&rsquo;utilisateur en tant que personne, mais il reconna\u00eet son navigateur web. En effet, si l&rsquo;utilisateur navigue habituellement avec le navigateur Chrome et il essaie de le faire sur le m\u00eame site web mais avec le navigateur Firefox, il verra que le site web ne se rend pas compte qu&rsquo;il s&rsquo;agit de la m\u00eame personne parce qu&rsquo;il associe l&rsquo;information au navigateur et non \u00e0 la personne.<\/p>\n<p><strong>Cookies accept\u00e9s par le r\u00e8glement et cookies exclues<\/strong><\/p>\n<p>D&rsquo;apr\u00e8s la directive de l&rsquo;UE, les cookies qui requi\u00e8rent le consentement \u00e9clair\u00e9 de l&rsquo;utilisateur sont les cookies analytiques et publicitaires, \u00e0 l&rsquo;exception des cookies \u00e0 caract\u00e8re techniques et de ceux qui sont n\u00e9cessaires au fonctionnement du site web ou \u00e0 la fourniture de services express\u00e9ment demand\u00e9s par l&rsquo;utilisateur.<\/p>\n<p><strong>Quels sont les cookies utilis\u00e9s par ce site web ?<\/strong><\/p>\n<p>Ce site web utilise des cookies propres et ceux de tiers. Les cookies suivants sont utilis\u00e9s sur ce site web :<\/p>\n<p><strong>Cookies propres et n\u00e9cessaires<\/strong><\/p>\n<p>Les cookies n\u00e9cessaires contribuent \u00e0 rendre un site web utilisable en permettant des fonctions de base telles que la navigation sur les pages ou l&rsquo;acc\u00e8s aux zones s\u00e9curis\u00e9es du site web. Le site web n&rsquo;est pas en mesure de fonctionner correctement sans ces cookies.<\/p>\n<p><strong>Cookies de tiers<\/strong><\/p>\n<p>Il s&rsquo;agit de cookies envoy\u00e9s \u00e0 l&rsquo;appareil terminal de l&rsquo;utilisateur \u00e0 partir d&rsquo;un appareil ou d&rsquo;un domaine qui n&rsquo;est pas g\u00e9r\u00e9 par l&rsquo;\u00e9diteur, mais par une autre entit\u00e9 qui traite les donn\u00e9es obtenues par le biais des cookies.<\/p>\n<p>Ce site web utilise les cookies de tiers suivants :<\/p>\n<p><strong>Cookies analytiques :<\/strong><\/p>\n<p>Ce site web utilise des services d&rsquo;analyse, en particulier Google Analytics, pour aider le site \u00e0 analyser l&rsquo;utilisation du site par ses utilisateurs et \u00e0 en am\u00e9liorer sa facilit\u00e9 d&rsquo;utilisation, mais en aucun cas ils ne sont associ\u00e9s \u00e0 des donn\u00e9es permettant d&rsquo;identifier l&rsquo;utilisateur. Google Analytics est un service d&rsquo;analyse de sites web propos\u00e9 par Google, Inc.<\/p>\n<p>Les cookies analytiques et statistiques nous aident \u00e0 comprendre comment les visiteurs interagissent avec notre site web en collectant et en fournissant des informations de mani\u00e8re anonyme. <a href=\"https:\/\/www.google.com\/intl\/es\/policies\/privacy\/\" target=\"_blank\" rel=\"noopener\">Pour en savoir plus<\/a>.<\/p>\n<p>Si vous souhaitez obtenir des informations sur l&rsquo;utilisation des cookies par Google, <a href=\"https:\/\/developers.google.com\/analytics\/devguides\/collection\/analyticsjs\/cookie-usage?hl=es&amp;csw=1).\" target=\"_blank\" rel=\"noopener\">veuillez cliquer sur ce lien<\/a>.<\/p>\n<p><strong>D\u00e9lais de conservation<\/strong> : les diff\u00e9rents services ou cookies peuvent avoir des d\u00e9lais de conservation des donn\u00e9es (ou d&rsquo;expiration du cookie lui-m\u00eame) diff\u00e9rents. Ils sont d\u00e9finis dans le module de param\u00e9trage du cookie lui-m\u00eame.<\/p>\n<p><strong>Communication de vos donn\u00e9es<\/strong> : les donn\u00e9es des utilisateurs peuvent \u00eatre trait\u00e9es par le responsable de ce site web et par des tiers qui installent des cookies (cookies de tiers), conform\u00e9ment \u00e0 leurs propres politiques de confidentialit\u00e9.<\/p>\n<p><strong>Cookies des r\u00e9seaux sociaux<\/strong><\/p>\n<p>Les cookies des r\u00e9seaux sociaux peuvent \u00eatre stock\u00e9s dans votre navigateur lorsque vous naviguez sur Mundo Gaman, par exemple, lorsque vous utilisez le bouton pour partager le contenu de Mundo Gaman sur un r\u00e9seau social.<\/p>\n<p>Vous trouverez ci-apr\u00e8s des informations sur les cookies des r\u00e9seaux sociaux utilis\u00e9s par ce site web dans leurs propres politiques de cookies :<\/p>\n<ul>\n<li>Cookies Facebook, voir plus d&rsquo;informations dans sa <a href=\"https:\/\/www.facebook.com\/policies\/cookies\/\" target=\"_blank\" rel=\"noopener\">politique de cookies<\/a>.<\/li>\n<li>Cookies Twitter, voir plus d&rsquo;informations dans sa <a href=\"https:\/\/twitter.com\/privacy\" target=\"_blank\" rel=\"noopener\">politique de cookies<\/a>.<\/li>\n<li>Cookies de YouTube, voir plus d&rsquo;informations dans sa <a href=\"http:\/\/www.google.com\/intl\/es\/policies\/technologies\/types\/\" target=\"_blank\" rel=\"noopener\">politique de cookies<\/a>.<\/li>\n<\/ul>\n<p><strong>Comment contr\u00f4ler les cookies<\/strong><\/p>\n<p>La plupart des navigateurs permettent aux utilisateurs de contr\u00f4ler les cookies par le biais des pr\u00e9f\u00e9rences de param\u00e9trage. Il est possible que l&rsquo;exp\u00e9rience globale de l&rsquo;utilisateur en p\u00e2tisse, car elle ne sera pas personnalis\u00e9e. Il se peut \u00e9galement qu&rsquo;il ne soit pas possible de sauvegarder des param\u00e8tres personnalis\u00e9s tels que les informations de connexion.<\/p>\n<p>Nous fournissons les liens n\u00e9cessaires pour param\u00e9trer vos options concernant les cookies pour chaque navigateur :<\/p>\n<ul>\n<li><a href=\"https:\/\/support.google.com\/chrome\/answer\/95647?hl=en\">Google Chrome<\/a><\/li>\n<li><a href=\"https:\/\/support.microsoft.com\/en-us\/kb\/260971\">Internet Explorer<\/a><\/li>\n<li><a href=\"https:\/\/support.mozilla.org\/en-US\/kb\/cookies-information-websites-store-on-your-computer\">Mozilla Firefox<\/a><\/li>\n<li><a href=\"https:\/\/support.apple.com\/kb\/PH5042?locale=en_US\">Safari (versi\u00f3n escritorio)<\/a><\/li>\n<li><a href=\"https:\/\/support.apple.com\/en-us\/HT201265\">Safari (versi\u00f3n m\u00f3vil)<\/a><\/li>\n<li><a href=\"http:\/\/support.google.com\/ics\/nexus\/bin\/answer.py?hl=en&amp;answer=2425067\">Navegador Android<\/a><\/li>\n<li><a href=\"http:\/\/www.opera.com\/help\">Opera<\/a><\/li>\n<li><a href=\"http:\/\/www.opera.com\/help\/mobile\/android#privacy\">Opera (versi\u00f3n m\u00f3vil)<\/a><\/li>\n<\/ul>\n<p><strong>Plus d&rsquo;informations sur les cookies<\/strong><\/p>\n<p>Vous pouvez consulter le r\u00e8glement sur les cookies publi\u00e9e par l&rsquo;Agence espagnole de protection des donn\u00e9es dans le \u00ab\u00a0<a href=\"https:\/\/www.aepd.es\/sites\/default\/files\/2019-12\/guia-cookies_1.pdf\" target=\"_blank\" rel=\"noopener\">Guide sur l&rsquo;utilisation des cookies<\/a>\u00a0\u00bb et obtenir plus d&rsquo;informations sur les cookies sur Internet, <a href=\"http:\/\/www.aboutcookies.org\/\" target=\"_blank\" rel=\"noopener\">http:\/\/www.aboutcookies.org\/<\/a>.<\/p>\n<p>Si vous souhaitez exercer un plus grand contr\u00f4le sur l&rsquo;installation des cookies, vous pouvez installer des programmes ou des modules compl\u00e9mentaires \u00e0 votre navigateur, connus sous le nom d&rsquo;outils \u00ab\u00a0Do Not Track\u00a0\u00bb, qui vous permettront de choisir les cookies que vous souhaitez autoriser.<\/p>\n","protected":false},"excerpt":{"rendered":"<p>Responsable du traitement : Mundo Gaman SL Vous trouverez ici toutes les informations concernant ces c\u00e9l\u00e8bres \u00ab\u00a0biscuits\u00a0\u00bb et la mani\u00e8re de les g\u00e9rer. Dans cette rubrique, nous souhaitons fournir \u00e0 nos utilisateurs une information compl\u00e8te concernant l&rsquo;utilisation des cookies et mettre en place des m\u00e9canismes permettant \u00e0 tous les utilisateurs d&rsquo;exprimer leur refus quant \u00e0&hellip;<\/p>\n","protected":false},"author":1,"featured_media":0,"parent":0,"menu_order":0,"comment_status":"closed","ping_status":"closed","template":"","meta":{"_acf_changed":false,"footnotes":""},"class_list":["post-4073","page","type-page","status-publish","hentry","description-off"],"acf":[],"yoast_head":"<!-- This site is optimized with the Yoast SEO plugin v27.2 - https:\/\/yoast.com\/product\/yoast-seo-wordpress\/ -->\n<title>Politique de cookies - Airtray Shower<\/title>\n<meta name=\"robots\" content=\"noindex, nofollow\" \/>\n<meta property=\"og:locale\" content=\"fr_FR\" \/>\n<meta property=\"og:type\" content=\"article\" \/>\n<meta property=\"og:title\" content=\"Politique de cookies - Airtray Shower\" \/>\n<meta property=\"og:description\" content=\"Responsable du traitement : Mundo Gaman SL Vous trouverez ici toutes les informations concernant ces c\u00e9l\u00e8bres \u00ab\u00a0biscuits\u00a0\u00bb et la mani\u00e8re de les g\u00e9rer. Dans cette rubrique, nous souhaitons fournir \u00e0 nos utilisateurs une information compl\u00e8te concernant l&rsquo;utilisation des cookies et mettre en place des m\u00e9canismes permettant \u00e0 tous les utilisateurs d&rsquo;exprimer leur refus quant \u00e0&hellip;\" \/>\n<meta property=\"og:url\" content=\"https:\/\/www.airtrayshower.com\/fr\/politique-de-cookies\/\" \/>\n<meta property=\"og:site_name\" content=\"Airtray Shower\" \/>\n<meta property=\"article:modified_time\" content=\"2024-03-11T10:29:50+00:00\" \/>\n<meta name=\"twitter:card\" content=\"summary_large_image\" \/>\n<meta name=\"twitter:label1\" content=\"Dur\u00e9e de lecture estim\u00e9e\" \/>\n\t<meta name=\"twitter:data1\" content=\"5 minutes\" \/>\n<script type=\"application\/ld+json\" class=\"yoast-schema-graph\">{\"@context\":\"https:\/\/schema.org\",\"@graph\":[{\"@type\":\"WebPage\",\"@id\":\"https:\/\/www.airtrayshower.com\/fr\/politique-de-cookies\/\",\"url\":\"https:\/\/www.airtrayshower.com\/fr\/politique-de-cookies\/\",\"name\":\"Politique de cookies - Airtray Shower\",\"isPartOf\":{\"@id\":\"https:\/\/www.airtrayshower.com\/#website\"},\"datePublished\":\"2023-06-07T13:57:35+00:00\",\"dateModified\":\"2024-03-11T10:29:50+00:00\",\"inLanguage\":\"fr-FR\",\"potentialAction\":[{\"@type\":\"ReadAction\",\"target\":[\"https:\/\/www.airtrayshower.com\/fr\/politique-de-cookies\/\"]}]},{\"@type\":\"WebSite\",\"@id\":\"https:\/\/www.airtrayshower.com\/#website\",\"url\":\"https:\/\/www.airtrayshower.com\/\",\"name\":\"Airtray Shower\",\"description\":\"Air tray Shower is the future of installation for bathrooms\",\"publisher\":{\"@id\":\"https:\/\/www.airtrayshower.com\/#organization\"},\"potentialAction\":[{\"@type\":\"SearchAction\",\"target\":{\"@type\":\"EntryPoint\",\"urlTemplate\":\"https:\/\/www.airtrayshower.com\/?s={search_term_string}\"},\"query-input\":{\"@type\":\"PropertyValueSpecification\",\"valueRequired\":true,\"valueName\":\"search_term_string\"}}],\"inLanguage\":\"fr-FR\"},{\"@type\":\"Organization\",\"@id\":\"https:\/\/www.airtrayshower.com\/#organization\",\"name\":\"Airtray Shower\",\"url\":\"https:\/\/www.airtrayshower.com\/\",\"logo\":{\"@type\":\"ImageObject\",\"inLanguage\":\"fr-FR\",\"@id\":\"https:\/\/www.airtrayshower.com\/#\/schema\/logo\/image\/\",\"url\":\"https:\/\/www.airtrayshower.com\/wp-content\/uploads\/2023\/03\/logo-1.png\",\"contentUrl\":\"https:\/\/www.airtrayshower.com\/wp-content\/uploads\/2023\/03\/logo-1.png\",\"width\":186,\"height\":55,\"caption\":\"Airtray Shower\"},\"image\":{\"@id\":\"https:\/\/www.airtrayshower.com\/#\/schema\/logo\/image\/\"}}]}<\/script>\n<!-- \/ Yoast SEO plugin. -->","yoast_head_json":{"title":"Politique de cookies - Airtray Shower","robots":{"index":"noindex","follow":"nofollow"},"og_locale":"fr_FR","og_type":"article","og_title":"Politique de cookies - Airtray Shower","og_description":"Responsable du traitement : Mundo Gaman SL Vous trouverez ici toutes les informations concernant ces c\u00e9l\u00e8bres \u00ab\u00a0biscuits\u00a0\u00bb et la mani\u00e8re de les g\u00e9rer. Dans cette rubrique, nous souhaitons fournir \u00e0 nos utilisateurs une information compl\u00e8te concernant l&rsquo;utilisation des cookies et mettre en place des m\u00e9canismes permettant \u00e0 tous les utilisateurs d&rsquo;exprimer leur refus quant \u00e0&hellip;","og_url":"https:\/\/www.airtrayshower.com\/fr\/politique-de-cookies\/","og_site_name":"Airtray Shower","article_modified_time":"2024-03-11T10:29:50+00:00","twitter_card":"summary_large_image","twitter_misc":{"Dur\u00e9e de lecture estim\u00e9e":"5 minutes"},"schema":{"@context":"https:\/\/schema.org","@graph":[{"@type":"WebPage","@id":"https:\/\/www.airtrayshower.com\/fr\/politique-de-cookies\/","url":"https:\/\/www.airtrayshower.com\/fr\/politique-de-cookies\/","name":"Politique de cookies - Airtray Shower","isPartOf":{"@id":"https:\/\/www.airtrayshower.com\/#website"},"datePublished":"2023-06-07T13:57:35+00:00","dateModified":"2024-03-11T10:29:50+00:00","inLanguage":"fr-FR","potentialAction":[{"@type":"ReadAction","target":["https:\/\/www.airtrayshower.com\/fr\/politique-de-cookies\/"]}]},{"@type":"WebSite","@id":"https:\/\/www.airtrayshower.com\/#website","url":"https:\/\/www.airtrayshower.com\/","name":"Airtray Shower","description":"Air tray Shower is the future of installation for bathrooms","publisher":{"@id":"https:\/\/www.airtrayshower.com\/#organization"},"potentialAction":[{"@type":"SearchAction","target":{"@type":"EntryPoint","urlTemplate":"https:\/\/www.airtrayshower.com\/?s={search_term_string}"},"query-input":{"@type":"PropertyValueSpecification","valueRequired":true,"valueName":"search_term_string"}}],"inLanguage":"fr-FR"},{"@type":"Organization","@id":"https:\/\/www.airtrayshower.com\/#organization","name":"Airtray Shower","url":"https:\/\/www.airtrayshower.com\/","logo":{"@type":"ImageObject","inLanguage":"fr-FR","@id":"https:\/\/www.airtrayshower.com\/#\/schema\/logo\/image\/","url":"https:\/\/www.airtrayshower.com\/wp-content\/uploads\/2023\/03\/logo-1.png","contentUrl":"https:\/\/www.airtrayshower.com\/wp-content\/uploads\/2023\/03\/logo-1.png","width":186,"height":55,"caption":"Airtray Shower"},"image":{"@id":"https:\/\/www.airtrayshower.com\/#\/schema\/logo\/image\/"}}]}},"_links":{"self":[{"href":"https:\/\/www.airtrayshower.com\/fr\/wp-json\/wp\/v2\/pages\/4073","targetHints":{"allow":["GET"]}}],"collection":[{"href":"https:\/\/www.airtrayshower.com\/fr\/wp-json\/wp\/v2\/pages"}],"about":[{"href":"https:\/\/www.airtrayshower.com\/fr\/wp-json\/wp\/v2\/types\/page"}],"author":[{"embeddable":true,"href":"https:\/\/www.airtrayshower.com\/fr\/wp-json\/wp\/v2\/users\/1"}],"replies":[{"embeddable":true,"href":"https:\/\/www.airtrayshower.com\/fr\/wp-json\/wp\/v2\/comments?post=4073"}],"version-history":[{"count":4,"href":"https:\/\/www.airtrayshower.com\/fr\/wp-json\/wp\/v2\/pages\/4073\/revisions"}],"predecessor-version":[{"id":4774,"href":"https:\/\/www.airtrayshower.com\/fr\/wp-json\/wp\/v2\/pages\/4073\/revisions\/4774"}],"wp:attachment":[{"href":"https:\/\/www.airtrayshower.com\/fr\/wp-json\/wp\/v2\/media?parent=4073"}],"curies":[{"name":"wp","href":"https:\/\/api.w.org\/{rel}","templated":true}]}}