{"id":3465,"date":"2023-01-20T13:33:16","date_gmt":"2023-01-20T12:33:16","guid":{"rendered":"https:\/\/www.airtrayshower.com\/product\/plato-ducha\/"},"modified":"2024-03-26T10:34:41","modified_gmt":"2024-03-26T09:34:41","slug":"acheter-un-receveur-de-douche","status":"publish","type":"product","link":"https:\/\/www.airtrayshower.com\/fr\/produits\/acheter-un-receveur-de-douche\/","title":{"rendered":"Plaque de douche AIRTRAY ultra l\u00e9ger"},"content":{"rendered":"<p>Longue description<\/p>\n","protected":false},"excerpt":{"rendered":"<p>Br\u00e8ve description<\/p>\n","protected":false},"featured_media":4294,"comment_status":"open","ping_status":"closed","template":"","meta":{"_acf_changed":false},"product_brand":[],"product_cat":[127],"product_tag":[],"class_list":{"0":"post-3465","1":"product","2":"type-product","3":"status-publish","4":"has-post-thumbnail","6":"product_cat-uncategorized-fr","7":"description-off","9":"first","10":"instock","11":"taxable","12":"shipping-taxable","13":"purchasable","14":"product-type-variable","15":"has-default-attributes"},"acf":[],"yoast_head":"<!-- This site is optimized with the Yoast SEO plugin v27.2 - https:\/\/yoast.com\/product\/yoast-seo-wordpress\/ -->\n<title>Receveur de douche | Acheter un receveur de douche ultra l\u00e9ger<\/title>\n<meta name=\"description\" content=\"Changez de douche en achetant un receveur de douche Ultra Light, le meilleur receveur de douche ultra l\u00e9ger, \u00e9cologique et \u00e0 la pointe de la technologie\" \/>\n<meta name=\"robots\" content=\"noindex, follow\" \/>\n<meta property=\"og:locale\" content=\"fr_FR\" \/>\n<meta property=\"og:type\" content=\"article\" \/>\n<meta property=\"og:title\" content=\"Receveur de douche | Acheter un receveur de douche ultra l\u00e9ger\" \/>\n<meta property=\"og:description\" content=\"Changez de douche en achetant un receveur de douche Ultra Light, le meilleur receveur de douche ultra l\u00e9ger, \u00e9cologique et \u00e0 la pointe de la technologie\" \/>\n<meta property=\"og:url\" content=\"https:\/\/www.airtrayshower.com\/fr\/produits\/acheter-un-receveur-de-douche\/\" \/>\n<meta property=\"og:site_name\" content=\"Airtray Shower\" \/>\n<meta property=\"article:modified_time\" content=\"2024-03-26T09:34:41+00:00\" \/>\n<meta property=\"og:image\" content=\"https:\/\/www.airtrayshower.com\/wp-content\/uploads\/2023\/01\/TODOS.jpg\" \/>\n\t<meta property=\"og:image:width\" content=\"1600\" \/>\n\t<meta property=\"og:image:height\" content=\"1200\" \/>\n\t<meta property=\"og:image:type\" content=\"image\/jpeg\" \/>\n<meta name=\"twitter:card\" content=\"summary_large_image\" \/>\n<meta name=\"twitter:label1\" content=\"Dur\u00e9e de lecture estim\u00e9e\" \/>\n\t<meta name=\"twitter:data1\" content=\"1 minute\" \/>\n<script type=\"application\/ld+json\" class=\"yoast-schema-graph\">{\"@context\":\"https:\/\/schema.org\",\"@graph\":[{\"@type\":\"WebPage\",\"@id\":\"https:\/\/www.airtrayshower.com\/fr\/produits\/acheter-un-receveur-de-douche\/\",\"url\":\"https:\/\/www.airtrayshower.com\/fr\/produits\/acheter-un-receveur-de-douche\/\",\"name\":\"Receveur de douche | Acheter un receveur de douche ultra l\u00e9ger\",\"isPartOf\":{\"@id\":\"https:\/\/www.airtrayshower.com\/#website\"},\"primaryImageOfPage\":{\"@id\":\"https:\/\/www.airtrayshower.com\/fr\/produits\/acheter-un-receveur-de-douche\/#primaryimage\"},\"image\":{\"@id\":\"https:\/\/www.airtrayshower.com\/fr\/produits\/acheter-un-receveur-de-douche\/#primaryimage\"},\"thumbnailUrl\":\"https:\/\/www.airtrayshower.com\/wp-content\/uploads\/2023\/01\/TODOS.jpg\",\"datePublished\":\"2023-01-20T12:33:16+00:00\",\"dateModified\":\"2024-03-26T09:34:41+00:00\",\"description\":\"Changez de douche en achetant un receveur de douche Ultra Light, le meilleur receveur de douche ultra l\u00e9ger, \u00e9cologique et \u00e0 la pointe de la technologie\",\"breadcrumb\":{\"@id\":\"https:\/\/www.airtrayshower.com\/fr\/produits\/acheter-un-receveur-de-douche\/#breadcrumb\"},\"inLanguage\":\"fr-FR\",\"potentialAction\":[{\"@type\":\"ReadAction\",\"target\":[\"https:\/\/www.airtrayshower.com\/fr\/produits\/acheter-un-receveur-de-douche\/\"]}]},{\"@type\":\"ImageObject\",\"inLanguage\":\"fr-FR\",\"@id\":\"https:\/\/www.airtrayshower.com\/fr\/produits\/acheter-un-receveur-de-douche\/#primaryimage\",\"url\":\"https:\/\/www.airtrayshower.com\/wp-content\/uploads\/2023\/01\/TODOS.jpg\",\"contentUrl\":\"https:\/\/www.airtrayshower.com\/wp-content\/uploads\/2023\/01\/TODOS.jpg\",\"width\":1600,\"height\":1200,\"caption\":\"Plato de Ducha\"},{\"@type\":\"BreadcrumbList\",\"@id\":\"https:\/\/www.airtrayshower.com\/fr\/produits\/acheter-un-receveur-de-douche\/#breadcrumb\",\"itemListElement\":[{\"@type\":\"ListItem\",\"position\":1,\"name\":\"Tienda\",\"item\":\"https:\/\/www.airtrayshower.com\/es\/tienda\/\"},{\"@type\":\"ListItem\",\"position\":2,\"name\":\"Plaque de douche AIRTRAY ultra l\u00e9ger\"}]},{\"@type\":\"WebSite\",\"@id\":\"https:\/\/www.airtrayshower.com\/#website\",\"url\":\"https:\/\/www.airtrayshower.com\/\",\"name\":\"Airtray Shower\",\"description\":\"Air tray Shower is the future of installation for bathrooms\",\"publisher\":{\"@id\":\"https:\/\/www.airtrayshower.com\/#organization\"},\"potentialAction\":[{\"@type\":\"SearchAction\",\"target\":{\"@type\":\"EntryPoint\",\"urlTemplate\":\"https:\/\/www.airtrayshower.com\/?s={search_term_string}\"},\"query-input\":{\"@type\":\"PropertyValueSpecification\",\"valueRequired\":true,\"valueName\":\"search_term_string\"}}],\"inLanguage\":\"fr-FR\"},{\"@type\":\"Organization\",\"@id\":\"https:\/\/www.airtrayshower.com\/#organization\",\"name\":\"Airtray Shower\",\"url\":\"https:\/\/www.airtrayshower.com\/\",\"logo\":{\"@type\":\"ImageObject\",\"inLanguage\":\"fr-FR\",\"@id\":\"https:\/\/www.airtrayshower.com\/#\/schema\/logo\/image\/\",\"url\":\"https:\/\/www.airtrayshower.com\/wp-content\/uploads\/2023\/03\/logo-1.png\",\"contentUrl\":\"https:\/\/www.airtrayshower.com\/wp-content\/uploads\/2023\/03\/logo-1.png\",\"width\":186,\"height\":55,\"caption\":\"Airtray Shower\"},\"image\":{\"@id\":\"https:\/\/www.airtrayshower.com\/#\/schema\/logo\/image\/\"}}]}<\/script>\n<!-- \/ Yoast SEO plugin. -->","yoast_head_json":{"title":"Receveur de douche | Acheter un receveur de douche ultra l\u00e9ger","description":"Changez de douche en achetant un receveur de douche Ultra Light, le meilleur receveur de douche ultra l\u00e9ger, \u00e9cologique et \u00e0 la pointe de la technologie","robots":{"index":"noindex","follow":"follow"},"og_locale":"fr_FR","og_type":"article","og_title":"Receveur de douche | Acheter un receveur de douche ultra l\u00e9ger","og_description":"Changez de douche en achetant un receveur de douche Ultra Light, le meilleur receveur de douche ultra l\u00e9ger, \u00e9cologique et \u00e0 la pointe de la technologie","og_url":"https:\/\/www.airtrayshower.com\/fr\/produits\/acheter-un-receveur-de-douche\/","og_site_name":"Airtray Shower","article_modified_time":"2024-03-26T09:34:41+00:00","og_image":[{"width":1600,"height":1200,"url":"https:\/\/www.airtrayshower.com\/wp-content\/uploads\/2023\/01\/TODOS.jpg","type":"image\/jpeg"}],"twitter_card":"summary_large_image","twitter_misc":{"Dur\u00e9e de lecture estim\u00e9e":"1 minute"},"schema":{"@context":"https:\/\/schema.org","@graph":[{"@type":"WebPage","@id":"https:\/\/www.airtrayshower.com\/fr\/produits\/acheter-un-receveur-de-douche\/","url":"https:\/\/www.airtrayshower.com\/fr\/produits\/acheter-un-receveur-de-douche\/","name":"Receveur de douche | Acheter un receveur de douche ultra l\u00e9ger","isPartOf":{"@id":"https:\/\/www.airtrayshower.com\/#website"},"primaryImageOfPage":{"@id":"https:\/\/www.airtrayshower.com\/fr\/produits\/acheter-un-receveur-de-douche\/#primaryimage"},"image":{"@id":"https:\/\/www.airtrayshower.com\/fr\/produits\/acheter-un-receveur-de-douche\/#primaryimage"},"thumbnailUrl":"https:\/\/www.airtrayshower.com\/wp-content\/uploads\/2023\/01\/TODOS.jpg","datePublished":"2023-01-20T12:33:16+00:00","dateModified":"2024-03-26T09:34:41+00:00","description":"Changez de douche en achetant un receveur de douche Ultra Light, le meilleur receveur de douche ultra l\u00e9ger, \u00e9cologique et \u00e0 la pointe de la technologie","breadcrumb":{"@id":"https:\/\/www.airtrayshower.com\/fr\/produits\/acheter-un-receveur-de-douche\/#breadcrumb"},"inLanguage":"fr-FR","potentialAction":[{"@type":"ReadAction","target":["https:\/\/www.airtrayshower.com\/fr\/produits\/acheter-un-receveur-de-douche\/"]}]},{"@type":"ImageObject","inLanguage":"fr-FR","@id":"https:\/\/www.airtrayshower.com\/fr\/produits\/acheter-un-receveur-de-douche\/#primaryimage","url":"https:\/\/www.airtrayshower.com\/wp-content\/uploads\/2023\/01\/TODOS.jpg","contentUrl":"https:\/\/www.airtrayshower.com\/wp-content\/uploads\/2023\/01\/TODOS.jpg","width":1600,"height":1200,"caption":"Plato de Ducha"},{"@type":"BreadcrumbList","@id":"https:\/\/www.airtrayshower.com\/fr\/produits\/acheter-un-receveur-de-douche\/#breadcrumb","itemListElement":[{"@type":"ListItem","position":1,"name":"Tienda","item":"https:\/\/www.airtrayshower.com\/es\/tienda\/"},{"@type":"ListItem","position":2,"name":"Plaque de douche AIRTRAY ultra l\u00e9ger"}]},{"@type":"WebSite","@id":"https:\/\/www.airtrayshower.com\/#website","url":"https:\/\/www.airtrayshower.com\/","name":"Airtray Shower","description":"Air tray Shower is the future of installation for bathrooms","publisher":{"@id":"https:\/\/www.airtrayshower.com\/#organization"},"potentialAction":[{"@type":"SearchAction","target":{"@type":"EntryPoint","urlTemplate":"https:\/\/www.airtrayshower.com\/?s={search_term_string}"},"query-input":{"@type":"PropertyValueSpecification","valueRequired":true,"valueName":"search_term_string"}}],"inLanguage":"fr-FR"},{"@type":"Organization","@id":"https:\/\/www.airtrayshower.com\/#organization","name":"Airtray Shower","url":"https:\/\/www.airtrayshower.com\/","logo":{"@type":"ImageObject","inLanguage":"fr-FR","@id":"https:\/\/www.airtrayshower.com\/#\/schema\/logo\/image\/","url":"https:\/\/www.airtrayshower.com\/wp-content\/uploads\/2023\/03\/logo-1.png","contentUrl":"https:\/\/www.airtrayshower.com\/wp-content\/uploads\/2023\/03\/logo-1.png","width":186,"height":55,"caption":"Airtray Shower"},"image":{"@id":"https:\/\/www.airtrayshower.com\/#\/schema\/logo\/image\/"}}]}},"_links":{"self":[{"href":"https:\/\/www.airtrayshower.com\/fr\/wp-json\/wp\/v2\/product\/3465","targetHints":{"allow":["GET"]}}],"collection":[{"href":"https:\/\/www.airtrayshower.com\/fr\/wp-json\/wp\/v2\/product"}],"about":[{"href":"https:\/\/www.airtrayshower.com\/fr\/wp-json\/wp\/v2\/types\/product"}],"replies":[{"embeddable":true,"href":"https:\/\/www.airtrayshower.com\/fr\/wp-json\/wp\/v2\/comments?post=3465"}],"wp:featuredmedia":[{"embeddable":true,"href":"https:\/\/www.airtrayshower.com\/fr\/wp-json\/wp\/v2\/media\/4294"}],"wp:attachment":[{"href":"https:\/\/www.airtrayshower.com\/fr\/wp-json\/wp\/v2\/media?parent=3465"}],"wp:term":[{"taxonomy":"product_brand","embeddable":true,"href":"https:\/\/www.airtrayshower.com\/fr\/wp-json\/wp\/v2\/product_brand?post=3465"},{"taxonomy":"product_cat","embeddable":true,"href":"https:\/\/www.airtrayshower.com\/fr\/wp-json\/wp\/v2\/product_cat?post=3465"},{"taxonomy":"product_tag","embeddable":true,"href":"https:\/\/www.airtrayshower.com\/fr\/wp-json\/wp\/v2\/product_tag?post=3465"}],"curies":[{"name":"wp","href":"https:\/\/api.w.org\/{rel}","templated":true}]}}